{"id":1185,"date":"2024-12-23T14:48:06","date_gmt":"2024-12-23T14:48:06","guid":{"rendered":"https:\/\/www.hotelkatari.com\/?page_id=1185"},"modified":"2025-03-25T15:41:17","modified_gmt":"2025-03-25T15:41:17","slug":"servicios-qorikancha","status":"publish","type":"page","link":"https:\/\/www.hotelkatari.com\/en\/servicios-qorikancha\/","title":{"rendered":"Services"},"content":{"rendered":"<div data-elementor-type=\"wp-page\" data-elementor-id=\"1185\" class=\"elementor elementor-1185\" data-elementor-settings=\"{&quot;ha_cmc_init_switcher&quot;:&quot;no&quot;}\" data-elementor-post-type=\"page\">\n\t\t\t\t<div class=\"elementor-element elementor-element-4fac6b7e e-flex e-con-boxed wpr-particle-no wpr-jarallax-no wpr-parallax-no wpr-sticky-section-no e-con e-parent\" data-id=\"4fac6b7e\" data-element_type=\"container\" data-settings=\"{&quot;background_background&quot;:&quot;classic&quot;,&quot;_ha_eqh_enable&quot;:false}\">\n\t\t\t\t\t<div class=\"e-con-inner\">\n\t\t<div class=\"elementor-element elementor-element-3de3aa8f e-con-full e-flex wpr-particle-no wpr-jarallax-no wpr-parallax-no wpr-sticky-section-no e-con e-child\" data-id=\"3de3aa8f\" data-element_type=\"container\" data-settings=\"{&quot;_ha_eqh_enable&quot;:false}\">\n\t\t\t\t<div class=\"elementor-element elementor-element-6b2edc30 elementor-invisible elementor-widget elementor-widget-heading\" data-id=\"6b2edc30\" data-element_type=\"widget\" data-settings=\"{&quot;_animation&quot;:&quot;fadeIn&quot;}\" data-widget_type=\"heading.default\">\n\t\t\t\t<div class=\"elementor-widget-container\">\n\t\t\t\t\t<h2 class=\"elementor-heading-title elementor-size-default\">Services<\/h2>\t\t\t\t<\/div>\n\t\t\t\t<\/div>\n\t\t\t\t<\/div>\n\t\t\t\t\t<\/div>\n\t\t\t\t<\/div>\n\t\t<div class=\"elementor-element elementor-element-34c5d620 e-flex e-con-boxed wpr-particle-no wpr-jarallax-no wpr-parallax-no wpr-sticky-section-no e-con e-parent\" data-id=\"34c5d620\" data-element_type=\"container\" data-settings=\"{&quot;_ha_eqh_enable&quot;:false}\">\n\t\t\t\t\t<div class=\"e-con-inner\">\n\t\t\t\t<div class=\"elementor-element elementor-element-1f67ecdb elementor-widget-tablet__width-initial elementor-widget__width-initial elementor-widget-mobile__width-inherit elementor-invisible elementor-widget elementor-widget-text-editor\" data-id=\"1f67ecdb\" data-element_type=\"widget\" data-settings=\"{&quot;_animation&quot;:&quot;fadeIn&quot;,&quot;_animation_delay&quot;:&quot;200&quot;}\" data-widget_type=\"text-editor.default\">\n\t\t\t\t<div class=\"elementor-widget-container\">\n\t\t\t\t\t\t\t\t\t<p data-start=\"53\" data-end=\"264\" class=\"translation-block\">At <strong data-start=\"56\" data-end=\"92\">Katari Apart Hotel at Qorikancha<\/strong>, we focus on ensuring a unique experience for each of our guests, combining personalized attention with services designed for their utmost comfort.<\/p><p data-start=\"266\" data-end=\"442\" class=\"translation-block\">Every detail is designed for you to enjoy your stay in the heart of <strong data-start=\"341\" data-end=\"350\">Cusco<\/strong>, with all the comforts you need to relax and explore the <strong data-start=\"420\" data-end=\"439\">Imperial City<\/strong>.<\/p>\t\t\t\t\t\t\t\t<\/div>\n\t\t\t\t<\/div>\n\t\t<div class=\"elementor-element elementor-element-34f7f5d2 e-con-full e-flex wpr-particle-no wpr-jarallax-no wpr-parallax-no wpr-sticky-section-no e-con e-child\" data-id=\"34f7f5d2\" data-element_type=\"container\" data-settings=\"{&quot;_ha_eqh_enable&quot;:false}\">\n\t\t<div class=\"elementor-element elementor-element-5fb77a2f e-con-full e-flex wpr-particle-no wpr-jarallax-no wpr-parallax-no wpr-sticky-section-no elementor-invisible e-con e-child\" data-id=\"5fb77a2f\" data-element_type=\"container\" data-settings=\"{&quot;animation&quot;:&quot;fadeIn&quot;,&quot;animation_delay&quot;:&quot;400&quot;,&quot;_ha_eqh_enable&quot;:false}\">\n\t\t\t\t<div class=\"elementor-element elementor-element-19304e8a jkit-equal-height-disable elementor-widget elementor-widget-jkit_icon_box\" data-id=\"19304e8a\" data-element_type=\"widget\" data-widget_type=\"jkit_icon_box.default\">\n\t\t\t\t<div class=\"elementor-widget-container\">\n\t\t\t\t\t<div  class=\"jeg-elementor-kit jkit-icon-box icon-position-top elementor-animation- jeg_module___69ea52d018659\" ><div class=\"jkit-icon-box-wrapper hover-from-left\"><div class=\"icon-box icon-box-header elementor-animation-\"><div class=\"icon style-color\"><img decoding=\"async\" width=\"242\" height=\"150\" src=\"https:\/\/www.hotelkatari.com\/wp-content\/uploads\/2024\/12\/recepcion-24.png\" class=\"attachment-full size-full\" alt=\"Asesor Personalizado 24\/7\" url=\"https:\/\/www.hotelkatari.com\/wp-content\/uploads\/2024\/12\/recepcion-24.png\" source=\"library\" \/><\/div><\/div><div class=\"icon-box icon-box-body\">\n                <h2 class=\"title\">Personalized Assistance 24\/7<\/h2><p class=\"icon-box-description\">Our team is available 24\/7 to assist you with any needs or inquiries, ensuring that your experience is perfect from the very first moment.<\/p>\n            <\/div>\n            \n            <\/div><\/div>\t\t\t\t<\/div>\n\t\t\t\t<\/div>\n\t\t\t\t<\/div>\n\t\t<div class=\"elementor-element elementor-element-0b84ad6 e-con-full e-flex wpr-particle-no wpr-jarallax-no wpr-parallax-no wpr-sticky-section-no elementor-invisible e-con e-child\" data-id=\"0b84ad6\" data-element_type=\"container\" data-settings=\"{&quot;animation&quot;:&quot;fadeIn&quot;,&quot;animation_delay&quot;:&quot;400&quot;,&quot;_ha_eqh_enable&quot;:false}\">\n\t\t\t\t<div class=\"elementor-element elementor-element-89a5c0b jkit-equal-height-disable elementor-widget elementor-widget-jkit_icon_box\" data-id=\"89a5c0b\" data-element_type=\"widget\" data-widget_type=\"jkit_icon_box.default\">\n\t\t\t\t<div class=\"elementor-widget-container\">\n\t\t\t\t\t<div  class=\"jeg-elementor-kit jkit-icon-box icon-position-top elementor-animation- jeg_module__1_69ea52d018c26\" ><div class=\"jkit-icon-box-wrapper hover-from-left\"><div class=\"icon-box icon-box-header elementor-animation-\"><div class=\"icon style-color\"><img decoding=\"async\" width=\"242\" height=\"150\" src=\"https:\/\/www.hotelkatari.com\/wp-content\/uploads\/2024\/12\/restau360.png\" class=\"attachment-full size-full\" alt=\"Acceso Exclusivo a Nuestro Restaurante Ascai 360\" url=\"https:\/\/www.hotelkatari.com\/wp-content\/uploads\/2024\/12\/restau360.png\" source=\"library\" \/><\/div><\/div><div class=\"icon-box icon-box-body\">\n                <h2 class=\"title\">Exclusive Access to Our Ascai 360 Restaurant<\/h2><p class=\"icon-box-description\">Enjoy a unique culinary experience with the best panoramic (360-degree) view of Plaza de Armas, the city, and the Cusco valley. Ascai 360 offers you a special selection of Peruvian dishes and drinks.<\/p>\n            <\/div>\n            \n            <\/div><\/div>\t\t\t\t<\/div>\n\t\t\t\t<\/div>\n\t\t\t\t<\/div>\n\t\t\t\t<\/div>\n\t\t<div class=\"elementor-element elementor-element-069d9db e-con-full e-flex wpr-particle-no wpr-jarallax-no wpr-parallax-no wpr-sticky-section-no e-con e-child\" data-id=\"069d9db\" data-element_type=\"container\" data-settings=\"{&quot;_ha_eqh_enable&quot;:false}\">\n\t\t<div class=\"elementor-element elementor-element-947c8f7 e-con-full e-flex wpr-particle-no wpr-jarallax-no wpr-parallax-no wpr-sticky-section-no elementor-invisible e-con e-child\" data-id=\"947c8f7\" data-element_type=\"container\" data-settings=\"{&quot;animation&quot;:&quot;fadeIn&quot;,&quot;animation_delay&quot;:&quot;400&quot;,&quot;_ha_eqh_enable&quot;:false}\">\n\t\t\t\t<div class=\"elementor-element elementor-element-157b0f0 jkit-equal-height-disable elementor-widget elementor-widget-jkit_icon_box\" data-id=\"157b0f0\" data-element_type=\"widget\" data-widget_type=\"jkit_icon_box.default\">\n\t\t\t\t<div class=\"elementor-widget-container\">\n\t\t\t\t\t<div  class=\"jeg-elementor-kit jkit-icon-box icon-position-top elementor-animation- jeg_module__2_69ea52d0190e6\" ><div class=\"jkit-icon-box-wrapper hover-from-left\"><div class=\"icon-box icon-box-header elementor-animation-\"><div class=\"icon style-color\"><img decoding=\"async\" width=\"242\" height=\"150\" src=\"https:\/\/www.hotelkatari.com\/wp-content\/uploads\/2024\/12\/kitce.png\" class=\"attachment-full size-full\" alt=\"Kitchenette en Todas las Habitaciones\" url=\"https:\/\/www.hotelkatari.com\/wp-content\/uploads\/2024\/12\/kitce.png\" source=\"library\" \/><\/div><\/div><div class=\"icon-box icon-box-body\">\n                <h2 class=\"title\">Kitchenette in Every Room<\/h2><p class=\"icon-box-description\">Enjoy the freedom to cook and have breakfast in the comfort of your room, equipped with a modern kitchenette and all the essential utensils.<\/p>\n            <\/div>\n            \n            <\/div><\/div>\t\t\t\t<\/div>\n\t\t\t\t<\/div>\n\t\t\t\t<\/div>\n\t\t<div class=\"elementor-element elementor-element-b2599a6 e-con-full e-flex wpr-particle-no wpr-jarallax-no wpr-parallax-no wpr-sticky-section-no elementor-invisible e-con e-child\" data-id=\"b2599a6\" data-element_type=\"container\" data-settings=\"{&quot;animation&quot;:&quot;fadeIn&quot;,&quot;animation_delay&quot;:&quot;400&quot;,&quot;_ha_eqh_enable&quot;:false}\">\n\t\t\t\t<div class=\"elementor-element elementor-element-e1ac4e8 jkit-equal-height-disable elementor-widget elementor-widget-jkit_icon_box\" data-id=\"e1ac4e8\" data-element_type=\"widget\" data-widget_type=\"jkit_icon_box.default\">\n\t\t\t\t<div class=\"elementor-widget-container\">\n\t\t\t\t\t<div  class=\"jeg-elementor-kit jkit-icon-box icon-position-top elementor-animation- jeg_module__3_69ea52d01956d\" ><div class=\"jkit-icon-box-wrapper hover-from-left\"><div class=\"icon-box icon-box-header elementor-animation-\"><div class=\"icon style-color\"><img loading=\"lazy\" decoding=\"async\" width=\"365\" height=\"360\" src=\"https:\/\/www.hotelkatari.com\/wp-content\/uploads\/2024\/12\/img14.jpg\" class=\"attachment-full size-full\" alt=\"Acceso Exclusivo a Nuestro Restaurante Ascai 360\" url=\"https:\/\/www.hotelkatari.com\/wp-content\/uploads\/2024\/12\/img14.jpg\" source=\"library\" srcset=\"https:\/\/www.hotelkatari.com\/wp-content\/uploads\/2024\/12\/img14.jpg 365w, https:\/\/www.hotelkatari.com\/wp-content\/uploads\/2024\/12\/img14-300x296.jpg 300w\" sizes=\"(max-width: 365px) 100vw, 365px\" \/><\/div><\/div><div class=\"icon-box icon-box-body\">\n                <h2 class=\"title\">Exclusive Access to Our Ascai 360 Restaurant<\/h2><p class=\"icon-box-description\">Enjoy a unique culinary experience with the best panoramic (360-degree) view of Plaza de Armas, the city, and the Cusco valley. Ascai 360 offers you a special selection of Peruvian dishes and drinks.<\/p>\n            <\/div>\n            \n            <\/div><\/div>\t\t\t\t<\/div>\n\t\t\t\t<\/div>\n\t\t\t\t<\/div>\n\t\t\t\t<\/div>\n\t\t\t\t\t<\/div>\n\t\t\t\t<\/div>\n\t\t\t\t<\/div>","protected":false},"excerpt":{"rendered":"<p>Servicios En Katari Apart Hotel at Qorikancha, nos enfocamos en garantizar una experiencia \u00fanica para cada uno de nuestros hu\u00e9spedes, combinando atenci\u00f3n personalizada con servicios dise\u00f1ados para su m\u00e1ximo confort. Cada detalle est\u00e1 pensado para que disfrute de su estad\u00eda en el coraz\u00f3n de Cusco, con todas las comodidades que necesita para relajarse y explorar la Ciudad Imperial. Asesor Personalizado 24\/7 Nuestro equipo est\u00e1 disponible las 24 horas para asistirle con cualquier necesidad o consulta, asegurando que su experiencia sea perfecta desde el primer momento. Acceso Exclusivo a Nuestro Restaurante Ascai 360 Disfrute de una experiencia gastron\u00f3mica \u00fanica con la mejor vista panor\u00e1mica (de 360 grados) de la Plaza de Armas, la ciudad y el valle de Cusco. Ascai 360 le ofrece una selecci\u00f3n especial de platos y bebidas peruanas. Kitchenette en Todas las Habitaciones Disfrute de la libertad de cocinar y desayunar en la comodidad de su habitaci\u00f3n, equipada con una moderna kitchenette y todos los utensilios esenciales. Acceso Exclusivo a Nuestro Restaurante Ascai 360 Disfrute de una experiencia gastron\u00f3mica \u00fanica con la mejor vista panor\u00e1mica (de 360 grados) de la Plaza de Armas, la ciudad y el valle de Cusco. Ascai 360 le ofrece una selecci\u00f3n especial de platos y bebidas peruanas.<\/p>","protected":false},"author":1,"featured_media":0,"parent":0,"menu_order":0,"comment_status":"closed","ping_status":"closed","template":"","meta":{"_monsterinsights_skip_tracking":false,"_monsterinsights_sitenote_active":false,"_monsterinsights_sitenote_note":"","_monsterinsights_sitenote_category":0,"_joinchat":[],"footnotes":""},"class_list":["post-1185","page","type-page","status-publish","hentry"],"yoast_head":"<!-- This site is optimized with the Yoast SEO plugin v26.9 - https:\/\/yoast.com\/product\/yoast-seo-wordpress\/ -->\n<title>Servicios - Katari<\/title>\n<meta name=\"robots\" content=\"index, follow, max-snippet:-1, max-image-preview:large, max-video-preview:-1\" \/>\n<link rel=\"canonical\" href=\"https:\/\/www.hotelkatari.com\/en\/servicios-qorikancha\/\" \/>\n<meta property=\"og:locale\" content=\"en_US\" \/>\n<meta property=\"og:type\" content=\"article\" \/>\n<meta property=\"og:title\" content=\"Servicios - Katari\" \/>\n<meta property=\"og:description\" content=\"Servicios En Katari Apart Hotel at Qorikancha, nos enfocamos en garantizar una experiencia \u00fanica para cada uno de nuestros hu\u00e9spedes, combinando atenci\u00f3n personalizada con servicios dise\u00f1ados para su m\u00e1ximo confort. Cada detalle est\u00e1 pensado para que disfrute de su estad\u00eda en el coraz\u00f3n de Cusco, con todas las comodidades que necesita para relajarse y explorar la Ciudad Imperial. Asesor Personalizado 24\/7 Nuestro equipo est\u00e1 disponible las 24 horas para asistirle con cualquier necesidad o consulta, asegurando que su experiencia sea perfecta desde el primer momento. Acceso Exclusivo a Nuestro Restaurante Ascai 360 Disfrute de una experiencia gastron\u00f3mica \u00fanica con la mejor vista panor\u00e1mica (de 360 grados) de la Plaza de Armas, la ciudad y el valle de Cusco. Ascai 360 le ofrece una selecci\u00f3n especial de platos y bebidas peruanas. Kitchenette en Todas las Habitaciones Disfrute de la libertad de cocinar y desayunar en la comodidad de su habitaci\u00f3n, equipada con una moderna kitchenette y todos los utensilios esenciales. Acceso Exclusivo a Nuestro Restaurante Ascai 360 Disfrute de una experiencia gastron\u00f3mica \u00fanica con la mejor vista panor\u00e1mica (de 360 grados) de la Plaza de Armas, la ciudad y el valle de Cusco. Ascai 360 le ofrece una selecci\u00f3n especial de platos y bebidas peruanas.\" \/>\n<meta property=\"og:url\" content=\"https:\/\/www.hotelkatari.com\/en\/servicios-qorikancha\/\" \/>\n<meta property=\"og:site_name\" content=\"Katari\" \/>\n<meta property=\"article:publisher\" content=\"https:\/\/www.facebook.com\/Katariboutiquehotels\" \/>\n<meta property=\"article:modified_time\" content=\"2025-03-25T15:41:17+00:00\" \/>\n<meta property=\"og:image\" content=\"https:\/\/www.hotelkatari.com\/wp-content\/uploads\/2024\/12\/recepcion-24.png\" \/>\n<meta name=\"twitter:card\" content=\"summary_large_image\" \/>\n<meta name=\"twitter:label1\" content=\"Est. reading time\" \/>\n\t<meta name=\"twitter:data1\" content=\"1 minute\" \/>\n<script type=\"application\/ld+json\" class=\"yoast-schema-graph\">{\"@context\":\"https:\/\/schema.org\",\"@graph\":[{\"@type\":\"WebPage\",\"@id\":\"https:\/\/www.hotelkatari.com\/servicios-qorikancha\/\",\"url\":\"https:\/\/www.hotelkatari.com\/servicios-qorikancha\/\",\"name\":\"Servicios - Katari\",\"isPartOf\":{\"@id\":\"https:\/\/www.hotelkatari.com\/#website\"},\"primaryImageOfPage\":{\"@id\":\"https:\/\/www.hotelkatari.com\/servicios-qorikancha\/#primaryimage\"},\"image\":{\"@id\":\"https:\/\/www.hotelkatari.com\/servicios-qorikancha\/#primaryimage\"},\"thumbnailUrl\":\"https:\/\/www.hotelkatari.com\/wp-content\/uploads\/2024\/12\/recepcion-24.png\",\"datePublished\":\"2024-12-23T14:48:06+00:00\",\"dateModified\":\"2025-03-25T15:41:17+00:00\",\"breadcrumb\":{\"@id\":\"https:\/\/www.hotelkatari.com\/servicios-qorikancha\/#breadcrumb\"},\"inLanguage\":\"en-US\",\"potentialAction\":[{\"@type\":\"ReadAction\",\"target\":[\"https:\/\/www.hotelkatari.com\/servicios-qorikancha\/\"]}]},{\"@type\":\"ImageObject\",\"inLanguage\":\"en-US\",\"@id\":\"https:\/\/www.hotelkatari.com\/servicios-qorikancha\/#primaryimage\",\"url\":\"https:\/\/www.hotelkatari.com\/wp-content\/uploads\/2024\/12\/recepcion-24.png\",\"contentUrl\":\"https:\/\/www.hotelkatari.com\/wp-content\/uploads\/2024\/12\/recepcion-24.png\"},{\"@type\":\"BreadcrumbList\",\"@id\":\"https:\/\/www.hotelkatari.com\/servicios-qorikancha\/#breadcrumb\",\"itemListElement\":[{\"@type\":\"ListItem\",\"position\":1,\"name\":\"Home\",\"item\":\"https:\/\/www.hotelkatari.com\/\"},{\"@type\":\"ListItem\",\"position\":2,\"name\":\"Servicios\"}]},{\"@type\":\"WebSite\",\"@id\":\"https:\/\/www.hotelkatari.com\/#website\",\"url\":\"https:\/\/www.hotelkatari.com\/\",\"name\":\"Katari Hoteles\",\"description\":\"Boutique Hotels\",\"publisher\":{\"@id\":\"https:\/\/www.hotelkatari.com\/#organization\"},\"potentialAction\":[{\"@type\":\"SearchAction\",\"target\":{\"@type\":\"EntryPoint\",\"urlTemplate\":\"https:\/\/www.hotelkatari.com\/?s={search_term_string}\"},\"query-input\":{\"@type\":\"PropertyValueSpecification\",\"valueRequired\":true,\"valueName\":\"search_term_string\"}}],\"inLanguage\":\"en-US\"},{\"@type\":\"Organization\",\"@id\":\"https:\/\/www.hotelkatari.com\/#organization\",\"name\":\"Katari Hoteles\",\"url\":\"https:\/\/www.hotelkatari.com\/\",\"logo\":{\"@type\":\"ImageObject\",\"inLanguage\":\"en-US\",\"@id\":\"https:\/\/www.hotelkatari.com\/#\/schema\/logo\/image\/\",\"url\":\"https:\/\/www.hotelkatari.com\/wp-content\/uploads\/2024\/11\/cropped-logo-katari-sinfondo.png\",\"contentUrl\":\"https:\/\/www.hotelkatari.com\/wp-content\/uploads\/2024\/11\/cropped-logo-katari-sinfondo.png\",\"width\":496,\"height\":664,\"caption\":\"Katari Hoteles\"},\"image\":{\"@id\":\"https:\/\/www.hotelkatari.com\/#\/schema\/logo\/image\/\"},\"sameAs\":[\"https:\/\/www.facebook.com\/Katariboutiquehotels\",\"https:\/\/www.instagram.com\/katari_hotels_boutique\/\"]}]}<\/script>\n<!-- \/ Yoast SEO plugin. -->","yoast_head_json":{"title":"Servicios - Katari","robots":{"index":"index","follow":"follow","max-snippet":"max-snippet:-1","max-image-preview":"max-image-preview:large","max-video-preview":"max-video-preview:-1"},"canonical":"https:\/\/www.hotelkatari.com\/en\/servicios-qorikancha\/","og_locale":"en_US","og_type":"article","og_title":"Servicios - Katari","og_description":"Servicios En Katari Apart Hotel at Qorikancha, nos enfocamos en garantizar una experiencia \u00fanica para cada uno de nuestros hu\u00e9spedes, combinando atenci\u00f3n personalizada con servicios dise\u00f1ados para su m\u00e1ximo confort. Cada detalle est\u00e1 pensado para que disfrute de su estad\u00eda en el coraz\u00f3n de Cusco, con todas las comodidades que necesita para relajarse y explorar la Ciudad Imperial. Asesor Personalizado 24\/7 Nuestro equipo est\u00e1 disponible las 24 horas para asistirle con cualquier necesidad o consulta, asegurando que su experiencia sea perfecta desde el primer momento. Acceso Exclusivo a Nuestro Restaurante Ascai 360 Disfrute de una experiencia gastron\u00f3mica \u00fanica con la mejor vista panor\u00e1mica (de 360 grados) de la Plaza de Armas, la ciudad y el valle de Cusco. Ascai 360 le ofrece una selecci\u00f3n especial de platos y bebidas peruanas. Kitchenette en Todas las Habitaciones Disfrute de la libertad de cocinar y desayunar en la comodidad de su habitaci\u00f3n, equipada con una moderna kitchenette y todos los utensilios esenciales. Acceso Exclusivo a Nuestro Restaurante Ascai 360 Disfrute de una experiencia gastron\u00f3mica \u00fanica con la mejor vista panor\u00e1mica (de 360 grados) de la Plaza de Armas, la ciudad y el valle de Cusco. Ascai 360 le ofrece una selecci\u00f3n especial de platos y bebidas peruanas.","og_url":"https:\/\/www.hotelkatari.com\/en\/servicios-qorikancha\/","og_site_name":"Katari","article_publisher":"https:\/\/www.facebook.com\/Katariboutiquehotels","article_modified_time":"2025-03-25T15:41:17+00:00","og_image":[{"url":"https:\/\/www.hotelkatari.com\/wp-content\/uploads\/2024\/12\/recepcion-24.png","type":"","width":"","height":""}],"twitter_card":"summary_large_image","twitter_misc":{"Est. reading time":"1 minute"},"schema":{"@context":"https:\/\/schema.org","@graph":[{"@type":"WebPage","@id":"https:\/\/www.hotelkatari.com\/servicios-qorikancha\/","url":"https:\/\/www.hotelkatari.com\/servicios-qorikancha\/","name":"Servicios - Katari","isPartOf":{"@id":"https:\/\/www.hotelkatari.com\/#website"},"primaryImageOfPage":{"@id":"https:\/\/www.hotelkatari.com\/servicios-qorikancha\/#primaryimage"},"image":{"@id":"https:\/\/www.hotelkatari.com\/servicios-qorikancha\/#primaryimage"},"thumbnailUrl":"https:\/\/www.hotelkatari.com\/wp-content\/uploads\/2024\/12\/recepcion-24.png","datePublished":"2024-12-23T14:48:06+00:00","dateModified":"2025-03-25T15:41:17+00:00","breadcrumb":{"@id":"https:\/\/www.hotelkatari.com\/servicios-qorikancha\/#breadcrumb"},"inLanguage":"en-US","potentialAction":[{"@type":"ReadAction","target":["https:\/\/www.hotelkatari.com\/servicios-qorikancha\/"]}]},{"@type":"ImageObject","inLanguage":"en-US","@id":"https:\/\/www.hotelkatari.com\/servicios-qorikancha\/#primaryimage","url":"https:\/\/www.hotelkatari.com\/wp-content\/uploads\/2024\/12\/recepcion-24.png","contentUrl":"https:\/\/www.hotelkatari.com\/wp-content\/uploads\/2024\/12\/recepcion-24.png"},{"@type":"BreadcrumbList","@id":"https:\/\/www.hotelkatari.com\/servicios-qorikancha\/#breadcrumb","itemListElement":[{"@type":"ListItem","position":1,"name":"Home","item":"https:\/\/www.hotelkatari.com\/"},{"@type":"ListItem","position":2,"name":"Servicios"}]},{"@type":"WebSite","@id":"https:\/\/www.hotelkatari.com\/#website","url":"https:\/\/www.hotelkatari.com\/","name":"Katari Hoteles","description":"Boutique Hotels","publisher":{"@id":"https:\/\/www.hotelkatari.com\/#organization"},"potentialAction":[{"@type":"SearchAction","target":{"@type":"EntryPoint","urlTemplate":"https:\/\/www.hotelkatari.com\/?s={search_term_string}"},"query-input":{"@type":"PropertyValueSpecification","valueRequired":true,"valueName":"search_term_string"}}],"inLanguage":"en-US"},{"@type":"Organization","@id":"https:\/\/www.hotelkatari.com\/#organization","name":"Katari Hoteles","url":"https:\/\/www.hotelkatari.com\/","logo":{"@type":"ImageObject","inLanguage":"en-US","@id":"https:\/\/www.hotelkatari.com\/#\/schema\/logo\/image\/","url":"https:\/\/www.hotelkatari.com\/wp-content\/uploads\/2024\/11\/cropped-logo-katari-sinfondo.png","contentUrl":"https:\/\/www.hotelkatari.com\/wp-content\/uploads\/2024\/11\/cropped-logo-katari-sinfondo.png","width":496,"height":664,"caption":"Katari Hoteles"},"image":{"@id":"https:\/\/www.hotelkatari.com\/#\/schema\/logo\/image\/"},"sameAs":["https:\/\/www.facebook.com\/Katariboutiquehotels","https:\/\/www.instagram.com\/katari_hotels_boutique\/"]}]}},"_links":{"self":[{"href":"https:\/\/www.hotelkatari.com\/en\/wp-json\/wp\/v2\/pages\/1185","targetHints":{"allow":["GET"]}}],"collection":[{"href":"https:\/\/www.hotelkatari.com\/en\/wp-json\/wp\/v2\/pages"}],"about":[{"href":"https:\/\/www.hotelkatari.com\/en\/wp-json\/wp\/v2\/types\/page"}],"author":[{"embeddable":true,"href":"https:\/\/www.hotelkatari.com\/en\/wp-json\/wp\/v2\/users\/1"}],"replies":[{"embeddable":true,"href":"https:\/\/www.hotelkatari.com\/en\/wp-json\/wp\/v2\/comments?post=1185"}],"version-history":[{"count":20,"href":"https:\/\/www.hotelkatari.com\/en\/wp-json\/wp\/v2\/pages\/1185\/revisions"}],"predecessor-version":[{"id":3700,"href":"https:\/\/www.hotelkatari.com\/en\/wp-json\/wp\/v2\/pages\/1185\/revisions\/3700"}],"wp:attachment":[{"href":"https:\/\/www.hotelkatari.com\/en\/wp-json\/wp\/v2\/media?parent=1185"}],"curies":[{"name":"wp","href":"https:\/\/api.w.org\/{rel}","templated":true}]}}