{"id":2694,"date":"2025-01-28T22:55:16","date_gmt":"2025-01-28T22:55:16","guid":{"rendered":"https:\/\/www.hotelkatari.com\/?page_id=2694"},"modified":"2025-03-25T14:23:04","modified_gmt":"2025-03-25T14:23:04","slug":"top-qas-arequipa","status":"publish","type":"page","link":"https:\/\/www.hotelkatari.com\/en\/top-qas-arequipa\/","title":{"rendered":"Top Q&#038;As"},"content":{"rendered":"<div data-elementor-type=\"wp-page\" data-elementor-id=\"2694\" class=\"elementor elementor-2694\" data-elementor-settings=\"{&quot;ha_cmc_init_switcher&quot;:&quot;no&quot;}\" data-elementor-post-type=\"page\">\n\t\t\t\t<div class=\"elementor-element elementor-element-4fb58be1 e-flex e-con-boxed wpr-particle-no wpr-jarallax-no wpr-parallax-no wpr-sticky-section-no e-con e-parent\" data-id=\"4fb58be1\" data-element_type=\"container\" data-settings=\"{&quot;background_background&quot;:&quot;classic&quot;,&quot;_ha_eqh_enable&quot;:false}\">\n\t\t\t\t\t<div class=\"e-con-inner\">\n\t\t<div class=\"elementor-element elementor-element-741fced3 e-con-full e-flex wpr-particle-no wpr-jarallax-no wpr-parallax-no wpr-sticky-section-no e-con e-child\" data-id=\"741fced3\" data-element_type=\"container\" data-settings=\"{&quot;_ha_eqh_enable&quot;:false}\">\n\t\t\t\t<div class=\"elementor-element elementor-element-51c162cf elementor-invisible elementor-widget elementor-widget-heading\" data-id=\"51c162cf\" data-element_type=\"widget\" data-settings=\"{&quot;_animation&quot;:&quot;fadeIn&quot;}\" data-widget_type=\"heading.default\">\n\t\t\t\t<div class=\"elementor-widget-container\">\n\t\t\t\t\t<h2 class=\"elementor-heading-title elementor-size-default\">Top Q&amp;As<\/h2>\t\t\t\t<\/div>\n\t\t\t\t<\/div>\n\t\t\t\t<\/div>\n\t\t\t\t\t<\/div>\n\t\t\t\t<\/div>\n\t\t<div class=\"elementor-element elementor-element-2ae5e3a9 e-flex e-con-boxed wpr-particle-no wpr-jarallax-no wpr-parallax-no wpr-sticky-section-no e-con e-parent\" data-id=\"2ae5e3a9\" data-element_type=\"container\" data-settings=\"{&quot;_ha_eqh_enable&quot;:false}\">\n\t\t\t\t\t<div class=\"e-con-inner\">\n\t\t\t\t<div class=\"elementor-element elementor-element-2059f0f8 elementor-widget__width-initial elementor-invisible elementor-widget elementor-widget-jkit_accordion\" data-id=\"2059f0f8\" data-element_type=\"widget\" data-settings=\"{&quot;_animation&quot;:&quot;fadeIn&quot;,&quot;_animation_delay&quot;:&quot;200&quot;}\" data-widget_type=\"jkit_accordion.default\">\n\t\t\t\t<div class=\"elementor-widget-container\">\n\t\t\t\t\t<div  class=\"jeg-elementor-kit jkit-accordion style-default jeg_module___69ea5b1093e43\" ><div class=\"card-wrapper expand\">\n                <div class=\"card-header\">\n                    <a href=\"#expand-4aef99e\" class=\"card-header-button\" aria-expanded=\"false\" data-target=\"#expand-4aef99e\" aria-controls=\"expand-4aef99e\">\n                        <span class=\"title\">Where is the Katari Hotel located in Arequipa?<\/span><div class=\"right-icon-group\">\n                <div class=\"normal-icon\"><i aria-hidden=\"true\" class=\"jki jki-down-arrow1-light\"><\/i><\/div>\n                <div class=\"active-icon\"><i aria-hidden=\"true\" class=\"jki jki-up-arrow1-light\"><\/i><\/div>\n            <\/div>\n                    <\/a>\n                <\/div>\n                <div class=\"card-expand\" id=\"expand-4aef99e\" style=\"display:block\"><div class=\"card-body\"><p class=\"translation-block\">The hotel is located at the Plaza de Armas of Arequipa, right in front of the cathedral, in the heart of the city's historic center.<\/p><\/div><\/div>\n            <\/div><div class=\"card-wrapper\">\n                <div class=\"card-header\">\n                    <a href=\"#expand-1e8bd49\" class=\"card-header-button\" aria-expanded=\"false\" data-target=\"#expand-1e8bd49\" aria-controls=\"expand-1e8bd49\">\n                        <span class=\"title\">The hotel offers airport shuttle service<\/span><div class=\"right-icon-group\">\n                <div class=\"normal-icon\"><i aria-hidden=\"true\" class=\"jki jki-down-arrow1-light\"><\/i><\/div>\n                <div class=\"active-icon\"><i aria-hidden=\"true\" class=\"jki jki-up-arrow1-light\"><\/i><\/div>\n            <\/div>\n                    <\/a>\n                <\/div>\n                <div class=\"card-expand\" id=\"expand-1e8bd49\" style=\"display:none\"><div class=\"card-body\"><p>Yes, we offer a safe airport transfer service to the hotel for an additional cost. You just need to send us your flight details so we can arrange your pickup.<\/p><\/div><\/div>\n            <\/div><div class=\"card-wrapper\">\n                <div class=\"card-header\">\n                    <a href=\"#expand-0127213\" class=\"card-header-button\" aria-expanded=\"false\" data-target=\"#expand-0127213\" aria-controls=\"expand-0127213\">\n                        <span class=\"title\">Is breakfast included in the rate?<\/span><div class=\"right-icon-group\">\n                <div class=\"normal-icon\"><i aria-hidden=\"true\" class=\"jki jki-down-arrow1-light\"><\/i><\/div>\n                <div class=\"active-icon\"><i aria-hidden=\"true\" class=\"jki jki-up-arrow1-light\"><\/i><\/div>\n            <\/div>\n                    <\/a>\n                <\/div>\n                <div class=\"card-expand\" id=\"expand-0127213\" style=\"display:none\"><div class=\"card-body\"><p class=\"translation-block\">Yes, all our rates include a <strong>buffet breakfast<\/strong> with a variety of options, served in our restaurant with a panoramic view.<\/p><\/div><\/div>\n            <\/div><div class=\"card-wrapper\">\n                <div class=\"card-header\">\n                    <a href=\"#expand-ef44ac8\" class=\"card-header-button\" aria-expanded=\"false\" data-target=\"#expand-ef44ac8\" aria-controls=\"expand-ef44ac8\">\n                        <span class=\"title\">Do the rooms have a view of the Plaza de Armas?<\/span><div class=\"right-icon-group\">\n                <div class=\"normal-icon\"><i aria-hidden=\"true\" class=\"jki jki-down-arrow1-light\"><\/i><\/div>\n                <div class=\"active-icon\"><i aria-hidden=\"true\" class=\"jki jki-up-arrow1-light\"><\/i><\/div>\n            <\/div>\n                    <\/a>\n                <\/div>\n                <div class=\"card-expand\" id=\"expand-ef44ac8\" style=\"display:none\"><div class=\"card-body\"><p class=\"translation-block\">Some of our rooms offer a privileged view of the  <strong>Plaza de Armas and the volcanoes<\/strong>. You can check availability with us at the time of your booking.<\/p><\/div><\/div>\n            <\/div><div class=\"card-wrapper\">\n                <div class=\"card-header\">\n                    <a href=\"#expand-4904c4a\" class=\"card-header-button\" aria-expanded=\"false\" data-target=\"#expand-4904c4a\" aria-controls=\"expand-4904c4a\">\n                        <span class=\"title\">Does the hotel have a terrace with a panoramic view?<\/span><div class=\"right-icon-group\">\n                <div class=\"normal-icon\"><i aria-hidden=\"true\" class=\"jki jki-down-arrow1-light\"><\/i><\/div>\n                <div class=\"active-icon\"><i aria-hidden=\"true\" class=\"jki jki-up-arrow1-light\"><\/i><\/div>\n            <\/div>\n                    <\/a>\n                <\/div>\n                <div class=\"card-expand\" id=\"expand-4904c4a\" style=\"display:none\"><div class=\"card-body\"><p class=\"translation-block\">Yes, our terrace offers<strong> one of the best views of Arequipa<\/strong>, where you can enjoy the cityscape and the volcanoes.<\/p><\/div><\/div>\n            <\/div><div class=\"card-wrapper\">\n                <div class=\"card-header\">\n                    <a href=\"#expand-6c045c4\" class=\"card-header-button\" aria-expanded=\"false\" data-target=\"#expand-6c045c4\" aria-controls=\"expand-6c045c4\">\n                        <span class=\"title\">Does Hotel Katari offer massage services?<\/span><div class=\"right-icon-group\">\n                <div class=\"normal-icon\"><i aria-hidden=\"true\" class=\"jki jki-down-arrow1-light\"><\/i><\/div>\n                <div class=\"active-icon\"><i aria-hidden=\"true\" class=\"jki jki-up-arrow1-light\"><\/i><\/div>\n            <\/div>\n                    <\/a>\n                <\/div>\n                <div class=\"card-expand\" id=\"expand-6c045c4\" style=\"display:none\"><div class=\"card-body\"><p class=\"translation-block\">Yes, at<strong> Katari <\/strong> we offer relaxing massages to revitalize both body and mind.<\/p><\/div><\/div>\n            <\/div><div class=\"card-wrapper\">\n                <div class=\"card-header\">\n                    <a href=\"#expand-9067bd6\" class=\"card-header-button\" aria-expanded=\"false\" data-target=\"#expand-9067bd6\" aria-controls=\"expand-9067bd6\">\n                        <span class=\"title\">Do the rooms have a safe?<\/span><div class=\"right-icon-group\">\n                <div class=\"normal-icon\"><i aria-hidden=\"true\" class=\"jki jki-down-arrow1-light\"><\/i><\/div>\n                <div class=\"active-icon\"><i aria-hidden=\"true\" class=\"jki jki-up-arrow1-light\"><\/i><\/div>\n            <\/div>\n                    <\/a>\n                <\/div>\n                <div class=\"card-expand\" id=\"expand-9067bd6\" style=\"display:none\"><div class=\"card-body\"><p class=\"translation-block\">Yes, all our rooms include a <strong>free safe<\/strong> to secure your belongings.<\/p><\/div><\/div>\n            <\/div><div class=\"card-wrapper\">\n                <div class=\"card-header\">\n                    <a href=\"#expand-3f9ccf8\" class=\"card-header-button\" aria-expanded=\"false\" data-target=\"#expand-3f9ccf8\" aria-controls=\"expand-3f9ccf8\">\n                        <span class=\"title\">Does the hotel offer luggage storage service?<\/span><div class=\"right-icon-group\">\n                <div class=\"normal-icon\"><i aria-hidden=\"true\" class=\"jki jki-down-arrow1-light\"><\/i><\/div>\n                <div class=\"active-icon\"><i aria-hidden=\"true\" class=\"jki jki-up-arrow1-light\"><\/i><\/div>\n            <\/div>\n                    <\/a>\n                <\/div>\n                <div class=\"card-expand\" id=\"expand-3f9ccf8\" style=\"display:none\"><div class=\"card-body\"><p class=\"translation-block\">Yes, we offer a <strong>free luggage storage service <\/strong>so you can explore the city without worries before check-in or after check-out.<\/p><\/div><\/div>\n            <\/div><div class=\"card-wrapper\">\n                <div class=\"card-header\">\n                    <a href=\"#expand-e2965c9\" class=\"card-header-button\" aria-expanded=\"false\" data-target=\"#expand-e2965c9\" aria-controls=\"expand-e2965c9\">\n                        <span class=\"title\">Are pets allowed in the hotel?<\/span><div class=\"right-icon-group\">\n                <div class=\"normal-icon\"><i aria-hidden=\"true\" class=\"jki jki-down-arrow1-light\"><\/i><\/div>\n                <div class=\"active-icon\"><i aria-hidden=\"true\" class=\"jki jki-up-arrow1-light\"><\/i><\/div>\n            <\/div>\n                    <\/a>\n                <\/div>\n                <div class=\"card-expand\" id=\"expand-e2965c9\" style=\"display:none\"><div class=\"card-body\"><p class=\"translation-block\">No, at the moment we do  <strong>not accept pets<\/strong> on our premises<\/p><\/div><\/div>\n            <\/div><div class=\"card-wrapper\">\n                <div class=\"card-header\">\n                    <a href=\"#expand-41a1773\" class=\"card-header-button\" aria-expanded=\"false\" data-target=\"#expand-41a1773\" aria-controls=\"expand-41a1773\">\n                        <span class=\"title\"> Is parking available at the hotel?<\/span><div class=\"right-icon-group\">\n                <div class=\"normal-icon\"><i aria-hidden=\"true\" class=\"jki jki-down-arrow1-light\"><\/i><\/div>\n                <div class=\"active-icon\"><i aria-hidden=\"true\" class=\"jki jki-up-arrow1-light\"><\/i><\/div>\n            <\/div>\n                    <\/a>\n                <\/div>\n                <div class=\"card-expand\" id=\"expand-41a1773\" style=\"display:none\"><div class=\"card-body\"><p class=\"translation-block\">We do not have private parking, but there are <strong>paid public parking options <\/strong>nearby the hotel<\/p><\/div><\/div>\n            <\/div><div class=\"card-wrapper\">\n                <div class=\"card-header\">\n                    <a href=\"#expand-41806dc\" class=\"card-header-button\" aria-expanded=\"false\" data-target=\"#expand-41806dc\" aria-controls=\"expand-41806dc\">\n                        <span class=\"title\">Is the front desk open 24 hours?<\/span><div class=\"right-icon-group\">\n                <div class=\"normal-icon\"><i aria-hidden=\"true\" class=\"jki jki-down-arrow1-light\"><\/i><\/div>\n                <div class=\"active-icon\"><i aria-hidden=\"true\" class=\"jki jki-up-arrow1-light\"><\/i><\/div>\n            <\/div>\n                    <\/a>\n                <\/div>\n                <div class=\"card-expand\" id=\"expand-41806dc\" style=\"display:none\"><div class=\"card-body\"><p class=\"translation-block\">Yes, our front desk is open <strong> 24 hours a day<\/strong>, with bilingual staff ready to assist you at all times.<\/p><\/div><\/div>\n            <\/div><\/div>\t\t\t\t<\/div>\n\t\t\t\t<\/div>\n\t\t\t\t\t<\/div>\n\t\t\t\t<\/div>\n\t\t\t\t<\/div>","protected":false},"excerpt":{"rendered":"<p>Top Q&amp;As \u00bfD\u00f3nde est\u00e1 ubicado el Hotel Katari en Arequipa? El hotel est\u00e1 ubicado en la Plaza de Armas de Arequipa, justo frente a la catedral, en el coraz\u00f3n del centro hist\u00f3rico de la ciudad. \u00bfEl hotel ofrece traslado desde el aeropuerto? S\u00ed, contamos con un servicio de traslado seguro desde el aeropuerto hasta el hotel por un costo adicional. Solo necesitas enviarnos los detalles de tu vuelo para coordinar tu recogida. \u00bfEl desayuno est\u00e1 incluido en la tarifa? S\u00ed, todas nuestras tarifas incluyen un desayuno buffet con opciones variadas, servido en nuestro restaurante con vista panor\u00e1mica. \u00bfLas habitaciones tienen vista a la Plaza de Armas? Algunas de nuestras habitaciones ofrecen una vista privilegiada a la Plaza de Armas y los volcanes. Puedes consultarnos la disponibilidad al momento de tu reserva. \u00bfEl hotel tiene terraza con vista panor\u00e1mica? S\u00ed, nuestra terraza ofrece una de las mejores vistas de Arequipa, donde puedes disfrutar del paisaje de la ciudad y los volcanes. \u00bfEl Hotel Katari cuenta con servicio de masajes? S\u00ed, en Katari ofrecemos masajes relajantes para revitalizar cuerpo y mente. \u00bfLas habitaciones cuentan con caja de seguridad? S\u00ed, todas nuestras habitaciones incluyen una caja de seguridad gratuita para resguardar tus pertenencias. \u00bfEl hotel ofrece servicio de consigna de equipajes? S\u00ed, contamos con un servicio de guardado de equipaje gratuito para que puedas explorar la ciudad sin preocupaciones antes del check-in o despu\u00e9s del check-out. \u00bfSe permiten mascotas en el hotel? No, por el momento no aceptamos mascotas en nuestras instalaciones. \u00bfHay estacionamiento disponible en el hotel? No contamos con estacionamiento propio, pero hay opciones de estacionamiento p\u00fablico pagado cercanas al hotel. \u00bfLa recepci\u00f3n est\u00e1 disponible las 24 horas? S\u00ed, nuestra recepci\u00f3n est\u00e1 abierta las 24 horas del d\u00eda, con personal biling\u00fce listo para asistirte en todo momento.<\/p>","protected":false},"author":1,"featured_media":0,"parent":0,"menu_order":0,"comment_status":"closed","ping_status":"closed","template":"","meta":{"_monsterinsights_skip_tracking":false,"_monsterinsights_sitenote_active":false,"_monsterinsights_sitenote_note":"","_monsterinsights_sitenote_category":0,"_joinchat":[],"footnotes":""},"class_list":["post-2694","page","type-page","status-publish","hentry"],"yoast_head":"<!-- This site is optimized with the Yoast SEO plugin v26.9 - https:\/\/yoast.com\/product\/yoast-seo-wordpress\/ -->\n<title>Top Q&amp;As - Katari<\/title>\n<meta name=\"robots\" content=\"index, follow, max-snippet:-1, max-image-preview:large, max-video-preview:-1\" \/>\n<link rel=\"canonical\" href=\"https:\/\/www.hotelkatari.com\/en\/top-qas-arequipa\/\" \/>\n<meta property=\"og:locale\" content=\"en_US\" \/>\n<meta property=\"og:type\" content=\"article\" \/>\n<meta property=\"og:title\" content=\"Top Q&amp;As - Katari\" \/>\n<meta property=\"og:description\" content=\"Top Q&amp;As \u00bfD\u00f3nde est\u00e1 ubicado el Hotel Katari en Arequipa? El hotel est\u00e1 ubicado en la Plaza de Armas de Arequipa, justo frente a la catedral, en el coraz\u00f3n del centro hist\u00f3rico de la ciudad. \u00bfEl hotel ofrece traslado desde el aeropuerto? S\u00ed, contamos con un servicio de traslado seguro desde el aeropuerto hasta el hotel por un costo adicional. Solo necesitas enviarnos los detalles de tu vuelo para coordinar tu recogida. \u00bfEl desayuno est\u00e1 incluido en la tarifa? S\u00ed, todas nuestras tarifas incluyen un desayuno buffet con opciones variadas, servido en nuestro restaurante con vista panor\u00e1mica. \u00bfLas habitaciones tienen vista a la Plaza de Armas? Algunas de nuestras habitaciones ofrecen una vista privilegiada a la Plaza de Armas y los volcanes. Puedes consultarnos la disponibilidad al momento de tu reserva. \u00bfEl hotel tiene terraza con vista panor\u00e1mica? S\u00ed, nuestra terraza ofrece una de las mejores vistas de Arequipa, donde puedes disfrutar del paisaje de la ciudad y los volcanes. \u00bfEl Hotel Katari cuenta con servicio de masajes? S\u00ed, en Katari ofrecemos masajes relajantes para revitalizar cuerpo y mente. \u00bfLas habitaciones cuentan con caja de seguridad? S\u00ed, todas nuestras habitaciones incluyen una caja de seguridad gratuita para resguardar tus pertenencias. \u00bfEl hotel ofrece servicio de consigna de equipajes? S\u00ed, contamos con un servicio de guardado de equipaje gratuito para que puedas explorar la ciudad sin preocupaciones antes del check-in o despu\u00e9s del check-out. \u00bfSe permiten mascotas en el hotel? No, por el momento no aceptamos mascotas en nuestras instalaciones. \u00bfHay estacionamiento disponible en el hotel? No contamos con estacionamiento propio, pero hay opciones de estacionamiento p\u00fablico pagado cercanas al hotel. \u00bfLa recepci\u00f3n est\u00e1 disponible las 24 horas? S\u00ed, nuestra recepci\u00f3n est\u00e1 abierta las 24 horas del d\u00eda, con personal biling\u00fce listo para asistirte en todo momento.\" \/>\n<meta property=\"og:url\" content=\"https:\/\/www.hotelkatari.com\/en\/top-qas-arequipa\/\" \/>\n<meta property=\"og:site_name\" content=\"Katari\" \/>\n<meta property=\"article:publisher\" content=\"https:\/\/www.facebook.com\/Katariboutiquehotels\" \/>\n<meta property=\"article:modified_time\" content=\"2025-03-25T14:23:04+00:00\" \/>\n<meta name=\"twitter:card\" content=\"summary_large_image\" \/>\n<meta name=\"twitter:label1\" content=\"Est. reading time\" \/>\n\t<meta name=\"twitter:data1\" content=\"2 minutes\" \/>\n<script type=\"application\/ld+json\" class=\"yoast-schema-graph\">{\"@context\":\"https:\/\/schema.org\",\"@graph\":[{\"@type\":\"WebPage\",\"@id\":\"https:\/\/www.hotelkatari.com\/top-qas-arequipa\/\",\"url\":\"https:\/\/www.hotelkatari.com\/top-qas-arequipa\/\",\"name\":\"Top Q&As - Katari\",\"isPartOf\":{\"@id\":\"https:\/\/www.hotelkatari.com\/#website\"},\"datePublished\":\"2025-01-28T22:55:16+00:00\",\"dateModified\":\"2025-03-25T14:23:04+00:00\",\"breadcrumb\":{\"@id\":\"https:\/\/www.hotelkatari.com\/top-qas-arequipa\/#breadcrumb\"},\"inLanguage\":\"en-US\",\"potentialAction\":[{\"@type\":\"ReadAction\",\"target\":[\"https:\/\/www.hotelkatari.com\/top-qas-arequipa\/\"]}]},{\"@type\":\"BreadcrumbList\",\"@id\":\"https:\/\/www.hotelkatari.com\/top-qas-arequipa\/#breadcrumb\",\"itemListElement\":[{\"@type\":\"ListItem\",\"position\":1,\"name\":\"Home\",\"item\":\"https:\/\/www.hotelkatari.com\/\"},{\"@type\":\"ListItem\",\"position\":2,\"name\":\"Top Q&#038;As\"}]},{\"@type\":\"WebSite\",\"@id\":\"https:\/\/www.hotelkatari.com\/#website\",\"url\":\"https:\/\/www.hotelkatari.com\/\",\"name\":\"Katari Hoteles\",\"description\":\"Boutique Hotels\",\"publisher\":{\"@id\":\"https:\/\/www.hotelkatari.com\/#organization\"},\"potentialAction\":[{\"@type\":\"SearchAction\",\"target\":{\"@type\":\"EntryPoint\",\"urlTemplate\":\"https:\/\/www.hotelkatari.com\/?s={search_term_string}\"},\"query-input\":{\"@type\":\"PropertyValueSpecification\",\"valueRequired\":true,\"valueName\":\"search_term_string\"}}],\"inLanguage\":\"en-US\"},{\"@type\":\"Organization\",\"@id\":\"https:\/\/www.hotelkatari.com\/#organization\",\"name\":\"Katari Hoteles\",\"url\":\"https:\/\/www.hotelkatari.com\/\",\"logo\":{\"@type\":\"ImageObject\",\"inLanguage\":\"en-US\",\"@id\":\"https:\/\/www.hotelkatari.com\/#\/schema\/logo\/image\/\",\"url\":\"https:\/\/www.hotelkatari.com\/wp-content\/uploads\/2024\/11\/cropped-logo-katari-sinfondo.png\",\"contentUrl\":\"https:\/\/www.hotelkatari.com\/wp-content\/uploads\/2024\/11\/cropped-logo-katari-sinfondo.png\",\"width\":496,\"height\":664,\"caption\":\"Katari Hoteles\"},\"image\":{\"@id\":\"https:\/\/www.hotelkatari.com\/#\/schema\/logo\/image\/\"},\"sameAs\":[\"https:\/\/www.facebook.com\/Katariboutiquehotels\",\"https:\/\/www.instagram.com\/katari_hotels_boutique\/\"]}]}<\/script>\n<!-- \/ Yoast SEO plugin. -->","yoast_head_json":{"title":"Top Q&As - Katari","robots":{"index":"index","follow":"follow","max-snippet":"max-snippet:-1","max-image-preview":"max-image-preview:large","max-video-preview":"max-video-preview:-1"},"canonical":"https:\/\/www.hotelkatari.com\/en\/top-qas-arequipa\/","og_locale":"en_US","og_type":"article","og_title":"Top Q&As - Katari","og_description":"Top Q&amp;As \u00bfD\u00f3nde est\u00e1 ubicado el Hotel Katari en Arequipa? El hotel est\u00e1 ubicado en la Plaza de Armas de Arequipa, justo frente a la catedral, en el coraz\u00f3n del centro hist\u00f3rico de la ciudad. \u00bfEl hotel ofrece traslado desde el aeropuerto? S\u00ed, contamos con un servicio de traslado seguro desde el aeropuerto hasta el hotel por un costo adicional. Solo necesitas enviarnos los detalles de tu vuelo para coordinar tu recogida. \u00bfEl desayuno est\u00e1 incluido en la tarifa? S\u00ed, todas nuestras tarifas incluyen un desayuno buffet con opciones variadas, servido en nuestro restaurante con vista panor\u00e1mica. \u00bfLas habitaciones tienen vista a la Plaza de Armas? Algunas de nuestras habitaciones ofrecen una vista privilegiada a la Plaza de Armas y los volcanes. Puedes consultarnos la disponibilidad al momento de tu reserva. \u00bfEl hotel tiene terraza con vista panor\u00e1mica? S\u00ed, nuestra terraza ofrece una de las mejores vistas de Arequipa, donde puedes disfrutar del paisaje de la ciudad y los volcanes. \u00bfEl Hotel Katari cuenta con servicio de masajes? S\u00ed, en Katari ofrecemos masajes relajantes para revitalizar cuerpo y mente. \u00bfLas habitaciones cuentan con caja de seguridad? S\u00ed, todas nuestras habitaciones incluyen una caja de seguridad gratuita para resguardar tus pertenencias. \u00bfEl hotel ofrece servicio de consigna de equipajes? S\u00ed, contamos con un servicio de guardado de equipaje gratuito para que puedas explorar la ciudad sin preocupaciones antes del check-in o despu\u00e9s del check-out. \u00bfSe permiten mascotas en el hotel? No, por el momento no aceptamos mascotas en nuestras instalaciones. \u00bfHay estacionamiento disponible en el hotel? No contamos con estacionamiento propio, pero hay opciones de estacionamiento p\u00fablico pagado cercanas al hotel. \u00bfLa recepci\u00f3n est\u00e1 disponible las 24 horas? S\u00ed, nuestra recepci\u00f3n est\u00e1 abierta las 24 horas del d\u00eda, con personal biling\u00fce listo para asistirte en todo momento.","og_url":"https:\/\/www.hotelkatari.com\/en\/top-qas-arequipa\/","og_site_name":"Katari","article_publisher":"https:\/\/www.facebook.com\/Katariboutiquehotels","article_modified_time":"2025-03-25T14:23:04+00:00","twitter_card":"summary_large_image","twitter_misc":{"Est. reading time":"2 minutes"},"schema":{"@context":"https:\/\/schema.org","@graph":[{"@type":"WebPage","@id":"https:\/\/www.hotelkatari.com\/top-qas-arequipa\/","url":"https:\/\/www.hotelkatari.com\/top-qas-arequipa\/","name":"Top Q&As - Katari","isPartOf":{"@id":"https:\/\/www.hotelkatari.com\/#website"},"datePublished":"2025-01-28T22:55:16+00:00","dateModified":"2025-03-25T14:23:04+00:00","breadcrumb":{"@id":"https:\/\/www.hotelkatari.com\/top-qas-arequipa\/#breadcrumb"},"inLanguage":"en-US","potentialAction":[{"@type":"ReadAction","target":["https:\/\/www.hotelkatari.com\/top-qas-arequipa\/"]}]},{"@type":"BreadcrumbList","@id":"https:\/\/www.hotelkatari.com\/top-qas-arequipa\/#breadcrumb","itemListElement":[{"@type":"ListItem","position":1,"name":"Home","item":"https:\/\/www.hotelkatari.com\/"},{"@type":"ListItem","position":2,"name":"Top Q&#038;As"}]},{"@type":"WebSite","@id":"https:\/\/www.hotelkatari.com\/#website","url":"https:\/\/www.hotelkatari.com\/","name":"Katari Hoteles","description":"Boutique Hotels","publisher":{"@id":"https:\/\/www.hotelkatari.com\/#organization"},"potentialAction":[{"@type":"SearchAction","target":{"@type":"EntryPoint","urlTemplate":"https:\/\/www.hotelkatari.com\/?s={search_term_string}"},"query-input":{"@type":"PropertyValueSpecification","valueRequired":true,"valueName":"search_term_string"}}],"inLanguage":"en-US"},{"@type":"Organization","@id":"https:\/\/www.hotelkatari.com\/#organization","name":"Katari Hoteles","url":"https:\/\/www.hotelkatari.com\/","logo":{"@type":"ImageObject","inLanguage":"en-US","@id":"https:\/\/www.hotelkatari.com\/#\/schema\/logo\/image\/","url":"https:\/\/www.hotelkatari.com\/wp-content\/uploads\/2024\/11\/cropped-logo-katari-sinfondo.png","contentUrl":"https:\/\/www.hotelkatari.com\/wp-content\/uploads\/2024\/11\/cropped-logo-katari-sinfondo.png","width":496,"height":664,"caption":"Katari Hoteles"},"image":{"@id":"https:\/\/www.hotelkatari.com\/#\/schema\/logo\/image\/"},"sameAs":["https:\/\/www.facebook.com\/Katariboutiquehotels","https:\/\/www.instagram.com\/katari_hotels_boutique\/"]}]}},"_links":{"self":[{"href":"https:\/\/www.hotelkatari.com\/en\/wp-json\/wp\/v2\/pages\/2694","targetHints":{"allow":["GET"]}}],"collection":[{"href":"https:\/\/www.hotelkatari.com\/en\/wp-json\/wp\/v2\/pages"}],"about":[{"href":"https:\/\/www.hotelkatari.com\/en\/wp-json\/wp\/v2\/types\/page"}],"author":[{"embeddable":true,"href":"https:\/\/www.hotelkatari.com\/en\/wp-json\/wp\/v2\/users\/1"}],"replies":[{"embeddable":true,"href":"https:\/\/www.hotelkatari.com\/en\/wp-json\/wp\/v2\/comments?post=2694"}],"version-history":[{"count":20,"href":"https:\/\/www.hotelkatari.com\/en\/wp-json\/wp\/v2\/pages\/2694\/revisions"}],"predecessor-version":[{"id":3636,"href":"https:\/\/www.hotelkatari.com\/en\/wp-json\/wp\/v2\/pages\/2694\/revisions\/3636"}],"wp:attachment":[{"href":"https:\/\/www.hotelkatari.com\/en\/wp-json\/wp\/v2\/media?parent=2694"}],"curies":[{"name":"wp","href":"https:\/\/api.w.org\/{rel}","templated":true}]}}