{"id":2737,"date":"2025-01-29T15:33:37","date_gmt":"2025-01-29T15:33:37","guid":{"rendered":"https:\/\/www.hotelkatari.com\/?page_id=2737"},"modified":"2025-03-25T15:42:17","modified_gmt":"2025-03-25T15:42:17","slug":"top-qas-qorikancha","status":"publish","type":"page","link":"https:\/\/www.hotelkatari.com\/en\/top-qas-qorikancha\/","title":{"rendered":"Top Q&#038;As"},"content":{"rendered":"<div data-elementor-type=\"wp-page\" data-elementor-id=\"2737\" class=\"elementor elementor-2737\" data-elementor-settings=\"{&quot;ha_cmc_init_switcher&quot;:&quot;no&quot;}\" data-elementor-post-type=\"page\">\n\t\t\t\t<div class=\"elementor-element elementor-element-4fb58be1 e-flex e-con-boxed wpr-particle-no wpr-jarallax-no wpr-parallax-no wpr-sticky-section-no e-con e-parent\" data-id=\"4fb58be1\" data-element_type=\"container\" data-settings=\"{&quot;background_background&quot;:&quot;classic&quot;,&quot;_ha_eqh_enable&quot;:false}\">\n\t\t\t\t\t<div class=\"e-con-inner\">\n\t\t<div class=\"elementor-element elementor-element-741fced3 e-con-full e-flex wpr-particle-no wpr-jarallax-no wpr-parallax-no wpr-sticky-section-no e-con e-child\" data-id=\"741fced3\" data-element_type=\"container\" data-settings=\"{&quot;_ha_eqh_enable&quot;:false}\">\n\t\t\t\t<div class=\"elementor-element elementor-element-51c162cf elementor-invisible elementor-widget elementor-widget-heading\" data-id=\"51c162cf\" data-element_type=\"widget\" data-settings=\"{&quot;_animation&quot;:&quot;fadeIn&quot;}\" data-widget_type=\"heading.default\">\n\t\t\t\t<div class=\"elementor-widget-container\">\n\t\t\t\t\t<h2 class=\"elementor-heading-title elementor-size-default\">Top Q&amp;As<\/h2>\t\t\t\t<\/div>\n\t\t\t\t<\/div>\n\t\t\t\t<\/div>\n\t\t\t\t\t<\/div>\n\t\t\t\t<\/div>\n\t\t<div class=\"elementor-element elementor-element-2ae5e3a9 e-flex e-con-boxed wpr-particle-no wpr-jarallax-no wpr-parallax-no wpr-sticky-section-no e-con e-parent\" data-id=\"2ae5e3a9\" data-element_type=\"container\" data-settings=\"{&quot;_ha_eqh_enable&quot;:false}\">\n\t\t\t\t\t<div class=\"e-con-inner\">\n\t\t\t\t<div class=\"elementor-element elementor-element-2059f0f8 elementor-widget__width-initial elementor-invisible elementor-widget elementor-widget-jkit_accordion\" data-id=\"2059f0f8\" data-element_type=\"widget\" data-settings=\"{&quot;_animation&quot;:&quot;fadeIn&quot;,&quot;_animation_delay&quot;:&quot;200&quot;}\" data-widget_type=\"jkit_accordion.default\">\n\t\t\t\t<div class=\"elementor-widget-container\">\n\t\t\t\t\t<div  class=\"jeg-elementor-kit jkit-accordion style-default jeg_module___69ea52e3294bc\" ><div class=\"card-wrapper expand\">\n                <div class=\"card-header\">\n                    <a href=\"#expand-eb9a6c2\" class=\"card-header-button\" aria-expanded=\"false\" data-target=\"#expand-eb9a6c2\" aria-controls=\"expand-eb9a6c2\">\n                        <span class=\"title\">Where is the hotel located?<\/span><div class=\"right-icon-group\">\n                <div class=\"normal-icon\"><i aria-hidden=\"true\" class=\"jki jki-down-arrow1-light\"><\/i><\/div>\n                <div class=\"active-icon\"><i aria-hidden=\"true\" class=\"jki jki-up-arrow1-light\"><\/i><\/div>\n            <\/div>\n                    <\/a>\n                <\/div>\n                <div class=\"card-expand\" id=\"expand-eb9a6c2\" style=\"display:block\"><div class=\"card-body\"><p>Katari Apart Hotel at Qorikancha is just a few blocks from the Plaza de Armas in Cusco, next to the iconic Qorikancha temple, one of the most important architectural jewels of the Inca Empire.<\/p><\/div><\/div>\n            <\/div><div class=\"card-wrapper\">\n                <div class=\"card-header\">\n                    <a href=\"#expand-4aef99e\" class=\"card-header-button\" aria-expanded=\"false\" data-target=\"#expand-4aef99e\" aria-controls=\"expand-4aef99e\">\n                        <span class=\"title\">What time is check-in and check-out?<\/span><div class=\"right-icon-group\">\n                <div class=\"normal-icon\"><i aria-hidden=\"true\" class=\"jki jki-down-arrow1-light\"><\/i><\/div>\n                <div class=\"active-icon\"><i aria-hidden=\"true\" class=\"jki jki-up-arrow1-light\"><\/i><\/div>\n            <\/div>\n                    <\/a>\n                <\/div>\n                <div class=\"card-expand\" id=\"expand-4aef99e\" style=\"display:none\"><div class=\"card-body\"><p>Check-in is from 2:00 PM, and check-out is until 11:00 AM. If you need early check-in or late check-out, you can inquire about availability and additional costs.<\/p><\/div><\/div>\n            <\/div><div class=\"card-wrapper\">\n                <div class=\"card-header\">\n                    <a href=\"#expand-83e7ed7\" class=\"card-header-button\" aria-expanded=\"false\" data-target=\"#expand-83e7ed7\" aria-controls=\"expand-83e7ed7\">\n                        <span class=\"title\">Do you offer transfer service from the airport or bus station?<\/span><div class=\"right-icon-group\">\n                <div class=\"normal-icon\"><i aria-hidden=\"true\" class=\"jki jki-down-arrow1-light\"><\/i><\/div>\n                <div class=\"active-icon\"><i aria-hidden=\"true\" class=\"jki jki-up-arrow1-light\"><\/i><\/div>\n            <\/div>\n                    <\/a>\n                <\/div>\n                <div class=\"card-expand\" id=\"expand-83e7ed7\" style=\"display:none\"><div class=\"card-body\"><p>Yes, we offer a safe transfer service:<\/p><ul><li>Airport - Hotel \/ Hotel - Airport: US$ 15.00<\/li><li class=\"translation-block\">Bus Station - Hotel \/ Hotel - Bus Station: US$ 10.00<br>You just need to send us your flight number or arrival details to arrange your transfer.<\/li><\/ul><\/div><\/div>\n            <\/div><div class=\"card-wrapper\">\n                <div class=\"card-header\">\n                    <a href=\"#expand-8a44bc5\" class=\"card-header-button\" aria-expanded=\"false\" data-target=\"#expand-8a44bc5\" aria-controls=\"expand-8a44bc5\">\n                        <span class=\"title\">Do the rooms have a view of Qorikancha?<\/span><div class=\"right-icon-group\">\n                <div class=\"normal-icon\"><i aria-hidden=\"true\" class=\"jki jki-down-arrow1-light\"><\/i><\/div>\n                <div class=\"active-icon\"><i aria-hidden=\"true\" class=\"jki jki-up-arrow1-light\"><\/i><\/div>\n            <\/div>\n                    <\/a>\n                <\/div>\n                <div class=\"card-expand\" id=\"expand-8a44bc5\" style=\"display:none\"><div class=\"card-body\"><p>Yes, some of our rooms, such as the Standard Double Room, Superior Double Room, and Family Apartment, offer privileged views of the Qorikancha temple.<\/p><\/div><\/div>\n            <\/div><div class=\"card-wrapper\">\n                <div class=\"card-header\">\n                    <a href=\"#expand-cbbe06c\" class=\"card-header-button\" aria-expanded=\"false\" data-target=\"#expand-cbbe06c\" aria-controls=\"expand-cbbe06c\">\n                        <span class=\"title\">Do all the rooms have a kitchenette?<\/span><div class=\"right-icon-group\">\n                <div class=\"normal-icon\"><i aria-hidden=\"true\" class=\"jki jki-down-arrow1-light\"><\/i><\/div>\n                <div class=\"active-icon\"><i aria-hidden=\"true\" class=\"jki jki-up-arrow1-light\"><\/i><\/div>\n            <\/div>\n                    <\/a>\n                <\/div>\n                <div class=\"card-expand\" id=\"expand-cbbe06c\" style=\"display:none\"><div class=\"card-body\"><p>Yes, all our rooms are equipped with a functional kitchenette for your convenience, including a minibar, microwave, and electric kettle.<\/p><\/div><\/div>\n            <\/div><div class=\"card-wrapper\">\n                <div class=\"card-header\">\n                    <a href=\"#expand-401f620\" class=\"card-header-button\" aria-expanded=\"false\" data-target=\"#expand-401f620\" aria-controls=\"expand-401f620\">\n                        <span class=\"title\">Does the hotel offer free WiFi?<\/span><div class=\"right-icon-group\">\n                <div class=\"normal-icon\"><i aria-hidden=\"true\" class=\"jki jki-down-arrow1-light\"><\/i><\/div>\n                <div class=\"active-icon\"><i aria-hidden=\"true\" class=\"jki jki-up-arrow1-light\"><\/i><\/div>\n            <\/div>\n                    <\/a>\n                <\/div>\n                <div class=\"card-expand\" id=\"expand-401f620\" style=\"display:none\"><div class=\"card-body\"><p>Yes, we offer high-speed fiber-optic WiFi in all rooms and common areas of the hotel.<\/p><\/div><\/div>\n            <\/div><div class=\"card-wrapper\">\n                <div class=\"card-header\">\n                    <a href=\"#expand-90dc783\" class=\"card-header-button\" aria-expanded=\"false\" data-target=\"#expand-90dc783\" aria-controls=\"expand-90dc783\">\n                        <span class=\"title\">Do you have luggage storage service?<\/span><div class=\"right-icon-group\">\n                <div class=\"normal-icon\"><i aria-hidden=\"true\" class=\"jki jki-down-arrow1-light\"><\/i><\/div>\n                <div class=\"active-icon\"><i aria-hidden=\"true\" class=\"jki jki-up-arrow1-light\"><\/i><\/div>\n            <\/div>\n                    <\/a>\n                <\/div>\n                <div class=\"card-expand\" id=\"expand-90dc783\" style=\"display:none\"><div class=\"card-body\"><p>Yes, we offer luggage storage service at no additional cost so you can enjoy Cusco without worries before or after your check-in.<\/p><\/div><\/div>\n            <\/div><div class=\"card-wrapper\">\n                <div class=\"card-header\">\n                    <a href=\"#expand-cba5403\" class=\"card-header-button\" aria-expanded=\"false\" data-target=\"#expand-cba5403\" aria-controls=\"expand-cba5403\">\n                        <span class=\"title\">Does the hotel offer 24\/7 assistance?<\/span><div class=\"right-icon-group\">\n                <div class=\"normal-icon\"><i aria-hidden=\"true\" class=\"jki jki-down-arrow1-light\"><\/i><\/div>\n                <div class=\"active-icon\"><i aria-hidden=\"true\" class=\"jki jki-up-arrow1-light\"><\/i><\/div>\n            <\/div>\n                    <\/a>\n                <\/div>\n                <div class=\"card-expand\" id=\"expand-cba5403\" style=\"display:none\"><div class=\"card-body\"><p>Yes, our team is available 24\/7 to assist you with any requests, from tourist information to help with your stay.<\/p><\/div><\/div>\n            <\/div><\/div>\t\t\t\t<\/div>\n\t\t\t\t<\/div>\n\t\t\t\t\t<\/div>\n\t\t\t\t<\/div>\n\t\t\t\t<\/div>","protected":false},"excerpt":{"rendered":"<p>Top Q&amp;As \u00bfD\u00f3nde est\u00e1 ubicado el hotel? Katari Apart Hotel at Qorikancha se encuentra a solo un par de cuadras de la Plaza de Armas de Cusco, junto al emblem\u00e1tico templo de Qorikancha, una de las joyas arquitect\u00f3nicas m\u00e1s importantes del Imperio Inca. \u00bfA qu\u00e9 hora es el check-in y el check-out? El check-in es a partir de las 14:00 horas y el check-out hasta las 11:00 horas. Si necesita un check-in anticipado o un check-out tard\u00edo, puede consultarnos disponibilidad y costos adicionales. \u00bfOfrecen servicio de traslado desde el aeropuerto o estaci\u00f3n de bus? S\u00ed, contamos con un servicio de traslado seguro: Aeropuerto &#8211; Hotel \/ Hotel &#8211; Aeropuerto: US$ 15.00 Estaci\u00f3n de Bus &#8211; Hotel \/ Hotel &#8211; Estaci\u00f3n de Bus: US$ 10.00Solo debe enviarnos su n\u00famero de vuelo o detalles de llegada para coordinar su traslado. \u00bfLas habitaciones tienen vista al Qorikancha? S\u00ed, algunas de nuestras habitaciones, como la Habitaci\u00f3n Matrimonial Standard, la Habitaci\u00f3n Matrimonial Superior y el Departamento Familiar, ofrecen vistas privilegiadas al templo de Qorikancha. \u00bfTodas las habitaciones cuentan con kitchenette? S\u00ed, todas nuestras habitaciones est\u00e1n equipadas con una kitchenette funcional para su comodidad, con frigobar, horno microondas y hervidor de agua el\u00e9ctrico. \u00bfEl hotel cuenta con WiFi gratuito? S\u00ed, ofrecemos WiFi de alta velocidad por fibra \u00f3ptica en todas las habitaciones y \u00e1reas comunes del hotel. \u00bfTienen servicio de guarda equipaje? S\u00ed, ofrecemos servicio de consigna de equipaje sin costo adicional para que pueda disfrutar de Cusco sin preocupaciones antes o despu\u00e9s de su check-in. \u00bfEl hotel cuenta con servicio de asesor\u00eda 24\/7? S\u00ed, nuestro equipo est\u00e1 disponible las 24 horas del d\u00eda para ayudarle con cualquier requerimiento, desde informaci\u00f3n tur\u00edstica hasta asistencia con su estad\u00eda.<\/p>","protected":false},"author":1,"featured_media":0,"parent":0,"menu_order":0,"comment_status":"closed","ping_status":"closed","template":"","meta":{"_monsterinsights_skip_tracking":false,"_monsterinsights_sitenote_active":false,"_monsterinsights_sitenote_note":"","_monsterinsights_sitenote_category":0,"_joinchat":[],"footnotes":""},"class_list":["post-2737","page","type-page","status-publish","hentry"],"yoast_head":"<!-- This site is optimized with the Yoast SEO plugin v26.9 - https:\/\/yoast.com\/product\/yoast-seo-wordpress\/ -->\n<title>Top Q&amp;As - Katari<\/title>\n<meta name=\"robots\" content=\"index, follow, max-snippet:-1, max-image-preview:large, max-video-preview:-1\" \/>\n<link rel=\"canonical\" href=\"https:\/\/www.hotelkatari.com\/en\/top-qas-qorikancha\/\" \/>\n<meta property=\"og:locale\" content=\"en_US\" \/>\n<meta property=\"og:type\" content=\"article\" \/>\n<meta property=\"og:title\" content=\"Top Q&amp;As - Katari\" \/>\n<meta property=\"og:description\" content=\"Top Q&amp;As \u00bfD\u00f3nde est\u00e1 ubicado el hotel? Katari Apart Hotel at Qorikancha se encuentra a solo un par de cuadras de la Plaza de Armas de Cusco, junto al emblem\u00e1tico templo de Qorikancha, una de las joyas arquitect\u00f3nicas m\u00e1s importantes del Imperio Inca. \u00bfA qu\u00e9 hora es el check-in y el check-out? El check-in es a partir de las 14:00 horas y el check-out hasta las 11:00 horas. Si necesita un check-in anticipado o un check-out tard\u00edo, puede consultarnos disponibilidad y costos adicionales. \u00bfOfrecen servicio de traslado desde el aeropuerto o estaci\u00f3n de bus? S\u00ed, contamos con un servicio de traslado seguro: Aeropuerto &#8211; Hotel \/ Hotel &#8211; Aeropuerto: US$ 15.00 Estaci\u00f3n de Bus &#8211; Hotel \/ Hotel &#8211; Estaci\u00f3n de Bus: US$ 10.00Solo debe enviarnos su n\u00famero de vuelo o detalles de llegada para coordinar su traslado. \u00bfLas habitaciones tienen vista al Qorikancha? S\u00ed, algunas de nuestras habitaciones, como la Habitaci\u00f3n Matrimonial Standard, la Habitaci\u00f3n Matrimonial Superior y el Departamento Familiar, ofrecen vistas privilegiadas al templo de Qorikancha. \u00bfTodas las habitaciones cuentan con kitchenette? S\u00ed, todas nuestras habitaciones est\u00e1n equipadas con una kitchenette funcional para su comodidad, con frigobar, horno microondas y hervidor de agua el\u00e9ctrico. \u00bfEl hotel cuenta con WiFi gratuito? S\u00ed, ofrecemos WiFi de alta velocidad por fibra \u00f3ptica en todas las habitaciones y \u00e1reas comunes del hotel. \u00bfTienen servicio de guarda equipaje? S\u00ed, ofrecemos servicio de consigna de equipaje sin costo adicional para que pueda disfrutar de Cusco sin preocupaciones antes o despu\u00e9s de su check-in. \u00bfEl hotel cuenta con servicio de asesor\u00eda 24\/7? S\u00ed, nuestro equipo est\u00e1 disponible las 24 horas del d\u00eda para ayudarle con cualquier requerimiento, desde informaci\u00f3n tur\u00edstica hasta asistencia con su estad\u00eda.\" \/>\n<meta property=\"og:url\" content=\"https:\/\/www.hotelkatari.com\/en\/top-qas-qorikancha\/\" \/>\n<meta property=\"og:site_name\" content=\"Katari\" \/>\n<meta property=\"article:publisher\" content=\"https:\/\/www.facebook.com\/Katariboutiquehotels\" \/>\n<meta property=\"article:modified_time\" content=\"2025-03-25T15:42:17+00:00\" \/>\n<meta name=\"twitter:card\" content=\"summary_large_image\" \/>\n<meta name=\"twitter:label1\" content=\"Est. reading time\" \/>\n\t<meta name=\"twitter:data1\" content=\"1 minute\" \/>\n<script type=\"application\/ld+json\" class=\"yoast-schema-graph\">{\"@context\":\"https:\/\/schema.org\",\"@graph\":[{\"@type\":\"WebPage\",\"@id\":\"https:\/\/www.hotelkatari.com\/top-qas-qorikancha\/\",\"url\":\"https:\/\/www.hotelkatari.com\/top-qas-qorikancha\/\",\"name\":\"Top Q&As - Katari\",\"isPartOf\":{\"@id\":\"https:\/\/www.hotelkatari.com\/#website\"},\"datePublished\":\"2025-01-29T15:33:37+00:00\",\"dateModified\":\"2025-03-25T15:42:17+00:00\",\"breadcrumb\":{\"@id\":\"https:\/\/www.hotelkatari.com\/top-qas-qorikancha\/#breadcrumb\"},\"inLanguage\":\"en-US\",\"potentialAction\":[{\"@type\":\"ReadAction\",\"target\":[\"https:\/\/www.hotelkatari.com\/top-qas-qorikancha\/\"]}]},{\"@type\":\"BreadcrumbList\",\"@id\":\"https:\/\/www.hotelkatari.com\/top-qas-qorikancha\/#breadcrumb\",\"itemListElement\":[{\"@type\":\"ListItem\",\"position\":1,\"name\":\"Home\",\"item\":\"https:\/\/www.hotelkatari.com\/\"},{\"@type\":\"ListItem\",\"position\":2,\"name\":\"Top Q&#038;As\"}]},{\"@type\":\"WebSite\",\"@id\":\"https:\/\/www.hotelkatari.com\/#website\",\"url\":\"https:\/\/www.hotelkatari.com\/\",\"name\":\"Katari Hoteles\",\"description\":\"Boutique Hotels\",\"publisher\":{\"@id\":\"https:\/\/www.hotelkatari.com\/#organization\"},\"potentialAction\":[{\"@type\":\"SearchAction\",\"target\":{\"@type\":\"EntryPoint\",\"urlTemplate\":\"https:\/\/www.hotelkatari.com\/?s={search_term_string}\"},\"query-input\":{\"@type\":\"PropertyValueSpecification\",\"valueRequired\":true,\"valueName\":\"search_term_string\"}}],\"inLanguage\":\"en-US\"},{\"@type\":\"Organization\",\"@id\":\"https:\/\/www.hotelkatari.com\/#organization\",\"name\":\"Katari Hoteles\",\"url\":\"https:\/\/www.hotelkatari.com\/\",\"logo\":{\"@type\":\"ImageObject\",\"inLanguage\":\"en-US\",\"@id\":\"https:\/\/www.hotelkatari.com\/#\/schema\/logo\/image\/\",\"url\":\"https:\/\/www.hotelkatari.com\/wp-content\/uploads\/2024\/11\/cropped-logo-katari-sinfondo.png\",\"contentUrl\":\"https:\/\/www.hotelkatari.com\/wp-content\/uploads\/2024\/11\/cropped-logo-katari-sinfondo.png\",\"width\":496,\"height\":664,\"caption\":\"Katari Hoteles\"},\"image\":{\"@id\":\"https:\/\/www.hotelkatari.com\/#\/schema\/logo\/image\/\"},\"sameAs\":[\"https:\/\/www.facebook.com\/Katariboutiquehotels\",\"https:\/\/www.instagram.com\/katari_hotels_boutique\/\"]}]}<\/script>\n<!-- \/ Yoast SEO plugin. -->","yoast_head_json":{"title":"Top Q&As - Katari","robots":{"index":"index","follow":"follow","max-snippet":"max-snippet:-1","max-image-preview":"max-image-preview:large","max-video-preview":"max-video-preview:-1"},"canonical":"https:\/\/www.hotelkatari.com\/en\/top-qas-qorikancha\/","og_locale":"en_US","og_type":"article","og_title":"Top Q&As - Katari","og_description":"Top Q&amp;As \u00bfD\u00f3nde est\u00e1 ubicado el hotel? Katari Apart Hotel at Qorikancha se encuentra a solo un par de cuadras de la Plaza de Armas de Cusco, junto al emblem\u00e1tico templo de Qorikancha, una de las joyas arquitect\u00f3nicas m\u00e1s importantes del Imperio Inca. \u00bfA qu\u00e9 hora es el check-in y el check-out? El check-in es a partir de las 14:00 horas y el check-out hasta las 11:00 horas. Si necesita un check-in anticipado o un check-out tard\u00edo, puede consultarnos disponibilidad y costos adicionales. \u00bfOfrecen servicio de traslado desde el aeropuerto o estaci\u00f3n de bus? S\u00ed, contamos con un servicio de traslado seguro: Aeropuerto &#8211; Hotel \/ Hotel &#8211; Aeropuerto: US$ 15.00 Estaci\u00f3n de Bus &#8211; Hotel \/ Hotel &#8211; Estaci\u00f3n de Bus: US$ 10.00Solo debe enviarnos su n\u00famero de vuelo o detalles de llegada para coordinar su traslado. \u00bfLas habitaciones tienen vista al Qorikancha? S\u00ed, algunas de nuestras habitaciones, como la Habitaci\u00f3n Matrimonial Standard, la Habitaci\u00f3n Matrimonial Superior y el Departamento Familiar, ofrecen vistas privilegiadas al templo de Qorikancha. \u00bfTodas las habitaciones cuentan con kitchenette? S\u00ed, todas nuestras habitaciones est\u00e1n equipadas con una kitchenette funcional para su comodidad, con frigobar, horno microondas y hervidor de agua el\u00e9ctrico. \u00bfEl hotel cuenta con WiFi gratuito? S\u00ed, ofrecemos WiFi de alta velocidad por fibra \u00f3ptica en todas las habitaciones y \u00e1reas comunes del hotel. \u00bfTienen servicio de guarda equipaje? S\u00ed, ofrecemos servicio de consigna de equipaje sin costo adicional para que pueda disfrutar de Cusco sin preocupaciones antes o despu\u00e9s de su check-in. \u00bfEl hotel cuenta con servicio de asesor\u00eda 24\/7? S\u00ed, nuestro equipo est\u00e1 disponible las 24 horas del d\u00eda para ayudarle con cualquier requerimiento, desde informaci\u00f3n tur\u00edstica hasta asistencia con su estad\u00eda.","og_url":"https:\/\/www.hotelkatari.com\/en\/top-qas-qorikancha\/","og_site_name":"Katari","article_publisher":"https:\/\/www.facebook.com\/Katariboutiquehotels","article_modified_time":"2025-03-25T15:42:17+00:00","twitter_card":"summary_large_image","twitter_misc":{"Est. reading time":"1 minute"},"schema":{"@context":"https:\/\/schema.org","@graph":[{"@type":"WebPage","@id":"https:\/\/www.hotelkatari.com\/top-qas-qorikancha\/","url":"https:\/\/www.hotelkatari.com\/top-qas-qorikancha\/","name":"Top Q&As - Katari","isPartOf":{"@id":"https:\/\/www.hotelkatari.com\/#website"},"datePublished":"2025-01-29T15:33:37+00:00","dateModified":"2025-03-25T15:42:17+00:00","breadcrumb":{"@id":"https:\/\/www.hotelkatari.com\/top-qas-qorikancha\/#breadcrumb"},"inLanguage":"en-US","potentialAction":[{"@type":"ReadAction","target":["https:\/\/www.hotelkatari.com\/top-qas-qorikancha\/"]}]},{"@type":"BreadcrumbList","@id":"https:\/\/www.hotelkatari.com\/top-qas-qorikancha\/#breadcrumb","itemListElement":[{"@type":"ListItem","position":1,"name":"Home","item":"https:\/\/www.hotelkatari.com\/"},{"@type":"ListItem","position":2,"name":"Top Q&#038;As"}]},{"@type":"WebSite","@id":"https:\/\/www.hotelkatari.com\/#website","url":"https:\/\/www.hotelkatari.com\/","name":"Katari Hoteles","description":"Boutique Hotels","publisher":{"@id":"https:\/\/www.hotelkatari.com\/#organization"},"potentialAction":[{"@type":"SearchAction","target":{"@type":"EntryPoint","urlTemplate":"https:\/\/www.hotelkatari.com\/?s={search_term_string}"},"query-input":{"@type":"PropertyValueSpecification","valueRequired":true,"valueName":"search_term_string"}}],"inLanguage":"en-US"},{"@type":"Organization","@id":"https:\/\/www.hotelkatari.com\/#organization","name":"Katari Hoteles","url":"https:\/\/www.hotelkatari.com\/","logo":{"@type":"ImageObject","inLanguage":"en-US","@id":"https:\/\/www.hotelkatari.com\/#\/schema\/logo\/image\/","url":"https:\/\/www.hotelkatari.com\/wp-content\/uploads\/2024\/11\/cropped-logo-katari-sinfondo.png","contentUrl":"https:\/\/www.hotelkatari.com\/wp-content\/uploads\/2024\/11\/cropped-logo-katari-sinfondo.png","width":496,"height":664,"caption":"Katari Hoteles"},"image":{"@id":"https:\/\/www.hotelkatari.com\/#\/schema\/logo\/image\/"},"sameAs":["https:\/\/www.facebook.com\/Katariboutiquehotels","https:\/\/www.instagram.com\/katari_hotels_boutique\/"]}]}},"_links":{"self":[{"href":"https:\/\/www.hotelkatari.com\/en\/wp-json\/wp\/v2\/pages\/2737","targetHints":{"allow":["GET"]}}],"collection":[{"href":"https:\/\/www.hotelkatari.com\/en\/wp-json\/wp\/v2\/pages"}],"about":[{"href":"https:\/\/www.hotelkatari.com\/en\/wp-json\/wp\/v2\/types\/page"}],"author":[{"embeddable":true,"href":"https:\/\/www.hotelkatari.com\/en\/wp-json\/wp\/v2\/users\/1"}],"replies":[{"embeddable":true,"href":"https:\/\/www.hotelkatari.com\/en\/wp-json\/wp\/v2\/comments?post=2737"}],"version-history":[{"count":13,"href":"https:\/\/www.hotelkatari.com\/en\/wp-json\/wp\/v2\/pages\/2737\/revisions"}],"predecessor-version":[{"id":3703,"href":"https:\/\/www.hotelkatari.com\/en\/wp-json\/wp\/v2\/pages\/2737\/revisions\/3703"}],"wp:attachment":[{"href":"https:\/\/www.hotelkatari.com\/en\/wp-json\/wp\/v2\/media?parent=2737"}],"curies":[{"name":"wp","href":"https:\/\/api.w.org\/{rel}","templated":true}]}}