{"id":2756,"date":"2025-01-29T15:49:30","date_gmt":"2025-01-29T15:49:30","guid":{"rendered":"https:\/\/www.hotelkatari.com\/?page_id=2756"},"modified":"2025-03-25T16:02:51","modified_gmt":"2025-03-25T16:02:51","slug":"top-qas-casaesmeralda","status":"publish","type":"page","link":"https:\/\/www.hotelkatari.com\/en\/top-qas-casaesmeralda\/","title":{"rendered":"Top Q&#038;As"},"content":{"rendered":"<div data-elementor-type=\"wp-page\" data-elementor-id=\"2756\" class=\"elementor elementor-2756\" data-elementor-settings=\"{&quot;ha_cmc_init_switcher&quot;:&quot;no&quot;}\" data-elementor-post-type=\"page\">\n\t\t\t\t<div class=\"elementor-element elementor-element-4fb58be1 e-flex e-con-boxed wpr-particle-no wpr-jarallax-no wpr-parallax-no wpr-sticky-section-no e-con e-parent\" data-id=\"4fb58be1\" data-element_type=\"container\" data-settings=\"{&quot;background_background&quot;:&quot;classic&quot;,&quot;_ha_eqh_enable&quot;:false}\">\n\t\t\t\t\t<div class=\"e-con-inner\">\n\t\t<div class=\"elementor-element elementor-element-741fced3 e-con-full e-flex wpr-particle-no wpr-jarallax-no wpr-parallax-no wpr-sticky-section-no e-con e-child\" data-id=\"741fced3\" data-element_type=\"container\" data-settings=\"{&quot;_ha_eqh_enable&quot;:false}\">\n\t\t\t\t<div class=\"elementor-element elementor-element-51c162cf elementor-invisible elementor-widget elementor-widget-heading\" data-id=\"51c162cf\" data-element_type=\"widget\" data-settings=\"{&quot;_animation&quot;:&quot;fadeIn&quot;}\" data-widget_type=\"heading.default\">\n\t\t\t\t<div class=\"elementor-widget-container\">\n\t\t\t\t\t<h2 class=\"elementor-heading-title elementor-size-default\">Top Q&amp;As<\/h2>\t\t\t\t<\/div>\n\t\t\t\t<\/div>\n\t\t\t\t<\/div>\n\t\t\t\t\t<\/div>\n\t\t\t\t<\/div>\n\t\t<div class=\"elementor-element elementor-element-2ae5e3a9 e-flex e-con-boxed wpr-particle-no wpr-jarallax-no wpr-parallax-no wpr-sticky-section-no e-con e-parent\" data-id=\"2ae5e3a9\" data-element_type=\"container\" data-settings=\"{&quot;_ha_eqh_enable&quot;:false}\">\n\t\t\t\t\t<div class=\"e-con-inner\">\n\t\t\t\t<div class=\"elementor-element elementor-element-2059f0f8 elementor-widget__width-initial elementor-invisible elementor-widget elementor-widget-jkit_accordion\" data-id=\"2059f0f8\" data-element_type=\"widget\" data-settings=\"{&quot;_animation&quot;:&quot;fadeIn&quot;,&quot;_animation_delay&quot;:&quot;200&quot;}\" data-widget_type=\"jkit_accordion.default\">\n\t\t\t\t<div class=\"elementor-widget-container\">\n\t\t\t\t\t<div  class=\"jeg-elementor-kit jkit-accordion style-default jeg_module___69ea5af722d34\" ><div class=\"card-wrapper expand\">\n                <div class=\"card-header\">\n                    <a href=\"#expand-eb9a6c2\" class=\"card-header-button\" aria-expanded=\"false\" data-target=\"#expand-eb9a6c2\" aria-controls=\"expand-eb9a6c2\">\n                        <span class=\"title\">Where is Casa Esmeralda By Katari located?<\/span><div class=\"right-icon-group\">\n                <div class=\"normal-icon\"><i aria-hidden=\"true\" class=\"jki jki-down-arrow1-light\"><\/i><\/div>\n                <div class=\"active-icon\"><i aria-hidden=\"true\" class=\"jki jki-up-arrow1-light\"><\/i><\/div>\n            <\/div>\n                    <\/a>\n                <\/div>\n                <div class=\"card-expand\" id=\"expand-eb9a6c2\" style=\"display:block\"><div class=\"card-body\"><p>Casa Esmeralda By Katari is located in a quiet residential area of Cusco, less than 10 minutes walking from Qorikancha and 15 minutes from the Plaza de Armas. We also offer the option of taxi transportation to the main square for less than 2 dollars.<\/p><\/div><\/div>\n            <\/div><div class=\"card-wrapper\">\n                <div class=\"card-header\">\n                    <a href=\"#expand-138136e\" class=\"card-header-button\" aria-expanded=\"false\" data-target=\"#expand-138136e\" aria-controls=\"expand-138136e\">\n                        <span class=\"title\">Does the hotel include breakfast?<\/span><div class=\"right-icon-group\">\n                <div class=\"normal-icon\"><i aria-hidden=\"true\" class=\"jki jki-down-arrow1-light\"><\/i><\/div>\n                <div class=\"active-icon\"><i aria-hidden=\"true\" class=\"jki jki-up-arrow1-light\"><\/i><\/div>\n            <\/div>\n                    <\/a>\n                <\/div>\n                <div class=\"card-expand\" id=\"expand-138136e\" style=\"display:none\"><div class=\"card-body\"><p class=\"translation-block\">Yes, we offer a <strong>buffet breakfast<\/strong> every morning with a variety of delicious and nutritious options to start the day with energy.<\/p><\/div><\/div>\n            <\/div><div class=\"card-wrapper\">\n                <div class=\"card-header\">\n                    <a href=\"#expand-5f858b7\" class=\"card-header-button\" aria-expanded=\"false\" data-target=\"#expand-5f858b7\" aria-controls=\"expand-5f858b7\">\n                        <span class=\"title\">Do you offer transfer service?<\/span><div class=\"right-icon-group\">\n                <div class=\"normal-icon\"><i aria-hidden=\"true\" class=\"jki jki-down-arrow1-light\"><\/i><\/div>\n                <div class=\"active-icon\"><i aria-hidden=\"true\" class=\"jki jki-up-arrow1-light\"><\/i><\/div>\n            <\/div>\n                    <\/a>\n                <\/div>\n                <div class=\"card-expand\" id=\"expand-5f858b7\" style=\"display:none\"><div class=\"card-body\"><p class=\"translation-block\">Yes, we offer transfers to and from the <strong>Alejandro Velasco Astete International Airport<\/strong> for <strong>US$ 15.00<\/strong> and from the <strong>Cusco Bus Station (Terrapuerto)<\/strong> for <strong>US$ 10.00<\/strong>. It is recommended to send flight or transportation details in advance to coordinate the service.<\/p><\/div><\/div>\n            <\/div><div class=\"card-wrapper\">\n                <div class=\"card-header\">\n                    <a href=\"#expand-d0d8762\" class=\"card-header-button\" aria-expanded=\"false\" data-target=\"#expand-d0d8762\" aria-controls=\"expand-d0d8762\">\n                        <span class=\"title\">Does the hotel have Wi-Fi?<\/span><div class=\"right-icon-group\">\n                <div class=\"normal-icon\"><i aria-hidden=\"true\" class=\"jki jki-down-arrow1-light\"><\/i><\/div>\n                <div class=\"active-icon\"><i aria-hidden=\"true\" class=\"jki jki-up-arrow1-light\"><\/i><\/div>\n            <\/div>\n                    <\/a>\n                <\/div>\n                <div class=\"card-expand\" id=\"expand-d0d8762\" style=\"display:none\"><div class=\"card-body\"><p class=\"translation-block\">Yes, we offer <strong>free Wi-Fi throughout the property<\/strong>, available both in the rooms and in common areas.<\/p><\/div><\/div>\n            <\/div><div class=\"card-wrapper\">\n                <div class=\"card-header\">\n                    <a href=\"#expand-03e1131\" class=\"card-header-button\" aria-expanded=\"false\" data-target=\"#expand-03e1131\" aria-controls=\"expand-03e1131\">\n                        <span class=\"title\">Does the hotel have 24-hour reception?<\/span><div class=\"right-icon-group\">\n                <div class=\"normal-icon\"><i aria-hidden=\"true\" class=\"jki jki-down-arrow1-light\"><\/i><\/div>\n                <div class=\"active-icon\"><i aria-hidden=\"true\" class=\"jki jki-up-arrow1-light\"><\/i><\/div>\n            <\/div>\n                    <\/a>\n                <\/div>\n                <div class=\"card-expand\" id=\"expand-03e1131\" style=\"display:none\"><div class=\"card-body\"><p class=\"translation-block\">Yes, our reception is open <strong>24 hours a day<\/strong>, with bilingual staff available to assist you with anything you need during your stay.<\/p><\/div><\/div>\n            <\/div><div class=\"card-wrapper\">\n                <div class=\"card-header\">\n                    <a href=\"#expand-74e85d4\" class=\"card-header-button\" aria-expanded=\"false\" data-target=\"#expand-74e85d4\" aria-controls=\"expand-74e85d4\">\n                        <span class=\"title\">Do you offer massage services at the hotel?<\/span><div class=\"right-icon-group\">\n                <div class=\"normal-icon\"><i aria-hidden=\"true\" class=\"jki jki-down-arrow1-light\"><\/i><\/div>\n                <div class=\"active-icon\"><i aria-hidden=\"true\" class=\"jki jki-up-arrow1-light\"><\/i><\/div>\n            <\/div>\n                    <\/a>\n                <\/div>\n                <div class=\"card-expand\" id=\"expand-74e85d4\" style=\"display:none\"><div class=\"card-body\"><p class=\"translation-block\">Yes, we offer <strong>massage services upon request<\/strong>, designed to provide relaxation and well-being. We use techniques inspired by nature and healthy products to create a unique sensory experience.<\/p><\/div><\/div>\n            <\/div><div class=\"card-wrapper\">\n                <div class=\"card-header\">\n                    <a href=\"#expand-0fa133f\" class=\"card-header-button\" aria-expanded=\"false\" data-target=\"#expand-0fa133f\" aria-controls=\"expand-0fa133f\">\n                        <span class=\"title\">Does the hotel have luggage storage?<\/span><div class=\"right-icon-group\">\n                <div class=\"normal-icon\"><i aria-hidden=\"true\" class=\"jki jki-down-arrow1-light\"><\/i><\/div>\n                <div class=\"active-icon\"><i aria-hidden=\"true\" class=\"jki jki-up-arrow1-light\"><\/i><\/div>\n            <\/div>\n                    <\/a>\n                <\/div>\n                <div class=\"card-expand\" id=\"expand-0fa133f\" style=\"display:none\"><div class=\"card-body\"><p class=\"translation-block\">Yes, we offer <strong>luggage storage service<\/strong> so you can enjoy Cusco without worries before check-in or after check-out<\/p><\/div><\/div>\n            <\/div><div class=\"card-wrapper\">\n                <div class=\"card-header\">\n                    <a href=\"#expand-2e342cf\" class=\"card-header-button\" aria-expanded=\"false\" data-target=\"#expand-2e342cf\" aria-controls=\"expand-2e342cf\">\n                        <span class=\"title\">Does the hotel offer concierge service?<\/span><div class=\"right-icon-group\">\n                <div class=\"normal-icon\"><i aria-hidden=\"true\" class=\"jki jki-down-arrow1-light\"><\/i><\/div>\n                <div class=\"active-icon\"><i aria-hidden=\"true\" class=\"jki jki-up-arrow1-light\"><\/i><\/div>\n            <\/div>\n                    <\/a>\n                <\/div>\n                <div class=\"card-expand\" id=\"expand-2e342cf\" style=\"display:none\"><div class=\"card-body\"><p class=\"translation-block\">Yes, our <strong>concierge<\/strong> service is available to assist you with restaurant reservations, tours, transfers, tourist information, and car rentals<\/p><\/div><\/div>\n            <\/div><div class=\"card-wrapper\">\n                <div class=\"card-header\">\n                    <a href=\"#expand-6a10c23\" class=\"card-header-button\" aria-expanded=\"false\" data-target=\"#expand-6a10c23\" aria-controls=\"expand-6a10c23\">\n                        <span class=\"title\">Does the hotel have a terrace for guests?<\/span><div class=\"right-icon-group\">\n                <div class=\"normal-icon\"><i aria-hidden=\"true\" class=\"jki jki-down-arrow1-light\"><\/i><\/div>\n                <div class=\"active-icon\"><i aria-hidden=\"true\" class=\"jki jki-up-arrow1-light\"><\/i><\/div>\n            <\/div>\n                    <\/a>\n                <\/div>\n                <div class=\"card-expand\" id=\"expand-6a10c23\" style=\"display:none\"><div class=\"card-body\"><p class=\"translation-block\">Yes, we have a <strong>spacious and relaxing terrace<\/strong>, perfect for enjoying moments of rest after a day of exploring Cusco<\/p><\/div><\/div>\n            <\/div><div class=\"card-wrapper\">\n                <div class=\"card-header\">\n                    <a href=\"#expand-6705b4e\" class=\"card-header-button\" aria-expanded=\"false\" data-target=\"#expand-6705b4e\" aria-controls=\"expand-6705b4e\">\n                        <span class=\"title\">Do the rooms have a safe?<\/span><div class=\"right-icon-group\">\n                <div class=\"normal-icon\"><i aria-hidden=\"true\" class=\"jki jki-down-arrow1-light\"><\/i><\/div>\n                <div class=\"active-icon\"><i aria-hidden=\"true\" class=\"jki jki-up-arrow1-light\"><\/i><\/div>\n            <\/div>\n                    <\/a>\n                <\/div>\n                <div class=\"card-expand\" id=\"expand-6705b4e\" style=\"display:none\"><div class=\"card-body\"><p class=\"translation-block\">Yes, all our rooms are equipped with a <strong>free safe<\/strong> so you can store your valuables with complete peace of mind.<\/p><\/div><\/div>\n            <\/div><\/div>\t\t\t\t<\/div>\n\t\t\t\t<\/div>\n\t\t\t\t\t<\/div>\n\t\t\t\t<\/div>\n\t\t\t\t<\/div>","protected":false},"excerpt":{"rendered":"<p>Top Q&amp;As \u00bfD\u00f3nde est\u00e1 ubicado Casa Esmeralda By Katari? Casa Esmeralda By Katari est\u00e1 ubicado en una zona residencial tranquila de Cusco, a menos de 10 minutos caminando del Qorikancha y a 15 minutos de la Plaza de Armas. Tambi\u00e9n ofrecemos la opci\u00f3n de transporte en taxi hacia la plaza principal por menos de 2 d\u00f3lares. \u00bfEl hotel cuenta con desayuno incluido? S\u00ed, ofrecemos un desayuno buffet todas las ma\u00f1anas con una variedad de opciones deliciosas y nutritivas para comenzar el d\u00eda con energ\u00eda. \u00bfOfrecen servicio de traslado? S\u00ed, contamos con traslados desde y hacia el Aeropuerto Internacional Alejandro Velasco Astete por US$ 15.00 y desde la Estaci\u00f3n de Bus (Terrapuerto) de Cusco por US$ 10.00. Se recomienda enviar los datos del vuelo o transporte con anticipaci\u00f3n para coordinar el servicio. \u00bfEl hotel tiene Wi-Fi? S\u00ed, ofrecemos Wi-Fi gratuito en todo el establecimiento, disponible tanto en habitaciones como en \u00e1reas comunes. \u00bfEl hotel cuenta con recepci\u00f3n 24 horas? S\u00ed, nuestra recepci\u00f3n est\u00e1 abierta las 24 horas del d\u00eda, con personal biling\u00fce dispuesto a ayudarte en todo lo que necesites durante tu estancia. \u00bfCuentan con servicio de masajes en el hotel? S\u00ed, ofrecemos masajes por petici\u00f3n, dise\u00f1ados para brindar relajaci\u00f3n y bienestar. Utilizamos t\u00e9cnicas inspiradas en la naturaleza y productos saludables para crear una experiencia sensorial \u00fanica. \u00bfEl hotel cuenta con consigna de equipajes? S\u00ed, ofrecemos servicio de guarda de equipajes para que puedas disfrutar de Cusco sin preocupaciones antes del check-in o despu\u00e9s del check-out. \u00bfEl hotel ofrece servicio de concierge? S\u00ed, nuestro servicio de concierge est\u00e1 disponible para asistirte con reservas en restaurantes, tours, traslados, informaci\u00f3n tur\u00edstica y alquiler de autos. \u00bfEl hotel tiene una terraza para los hu\u00e9spedes? S\u00ed, contamos con una terraza amplia y relajante, ideal para disfrutar de momentos de descanso despu\u00e9s de un d\u00eda explorando Cusco. \u00bfLas habitaciones cuentan con caja de seguridad? S\u00ed, todas nuestras habitaciones est\u00e1n equipadas con una caja de seguridad gratuita para que guardes tus objetos de valor con total tranquilidad.<\/p>","protected":false},"author":1,"featured_media":0,"parent":0,"menu_order":0,"comment_status":"closed","ping_status":"closed","template":"","meta":{"_monsterinsights_skip_tracking":false,"_monsterinsights_sitenote_active":false,"_monsterinsights_sitenote_note":"","_monsterinsights_sitenote_category":0,"_joinchat":[],"footnotes":""},"class_list":["post-2756","page","type-page","status-publish","hentry"],"yoast_head":"<!-- This site is optimized with the Yoast SEO plugin v26.9 - https:\/\/yoast.com\/product\/yoast-seo-wordpress\/ -->\n<title>Top Q&amp;As - Katari<\/title>\n<meta name=\"robots\" content=\"index, follow, max-snippet:-1, max-image-preview:large, max-video-preview:-1\" \/>\n<link rel=\"canonical\" href=\"https:\/\/www.hotelkatari.com\/en\/top-qas-casaesmeralda\/\" \/>\n<meta property=\"og:locale\" content=\"en_US\" \/>\n<meta property=\"og:type\" content=\"article\" \/>\n<meta property=\"og:title\" content=\"Top Q&amp;As - Katari\" \/>\n<meta property=\"og:description\" content=\"Top Q&amp;As \u00bfD\u00f3nde est\u00e1 ubicado Casa Esmeralda By Katari? Casa Esmeralda By Katari est\u00e1 ubicado en una zona residencial tranquila de Cusco, a menos de 10 minutos caminando del Qorikancha y a 15 minutos de la Plaza de Armas. Tambi\u00e9n ofrecemos la opci\u00f3n de transporte en taxi hacia la plaza principal por menos de 2 d\u00f3lares. \u00bfEl hotel cuenta con desayuno incluido? S\u00ed, ofrecemos un desayuno buffet todas las ma\u00f1anas con una variedad de opciones deliciosas y nutritivas para comenzar el d\u00eda con energ\u00eda. \u00bfOfrecen servicio de traslado? S\u00ed, contamos con traslados desde y hacia el Aeropuerto Internacional Alejandro Velasco Astete por US$ 15.00 y desde la Estaci\u00f3n de Bus (Terrapuerto) de Cusco por US$ 10.00. Se recomienda enviar los datos del vuelo o transporte con anticipaci\u00f3n para coordinar el servicio. \u00bfEl hotel tiene Wi-Fi? S\u00ed, ofrecemos Wi-Fi gratuito en todo el establecimiento, disponible tanto en habitaciones como en \u00e1reas comunes. \u00bfEl hotel cuenta con recepci\u00f3n 24 horas? S\u00ed, nuestra recepci\u00f3n est\u00e1 abierta las 24 horas del d\u00eda, con personal biling\u00fce dispuesto a ayudarte en todo lo que necesites durante tu estancia. \u00bfCuentan con servicio de masajes en el hotel? S\u00ed, ofrecemos masajes por petici\u00f3n, dise\u00f1ados para brindar relajaci\u00f3n y bienestar. Utilizamos t\u00e9cnicas inspiradas en la naturaleza y productos saludables para crear una experiencia sensorial \u00fanica. \u00bfEl hotel cuenta con consigna de equipajes? S\u00ed, ofrecemos servicio de guarda de equipajes para que puedas disfrutar de Cusco sin preocupaciones antes del check-in o despu\u00e9s del check-out. \u00bfEl hotel ofrece servicio de concierge? S\u00ed, nuestro servicio de concierge est\u00e1 disponible para asistirte con reservas en restaurantes, tours, traslados, informaci\u00f3n tur\u00edstica y alquiler de autos. \u00bfEl hotel tiene una terraza para los hu\u00e9spedes? S\u00ed, contamos con una terraza amplia y relajante, ideal para disfrutar de momentos de descanso despu\u00e9s de un d\u00eda explorando Cusco. \u00bfLas habitaciones cuentan con caja de seguridad? S\u00ed, todas nuestras habitaciones est\u00e1n equipadas con una caja de seguridad gratuita para que guardes tus objetos de valor con total tranquilidad.\" \/>\n<meta property=\"og:url\" content=\"https:\/\/www.hotelkatari.com\/en\/top-qas-casaesmeralda\/\" \/>\n<meta property=\"og:site_name\" content=\"Katari\" \/>\n<meta property=\"article:publisher\" content=\"https:\/\/www.facebook.com\/Katariboutiquehotels\" \/>\n<meta property=\"article:modified_time\" content=\"2025-03-25T16:02:51+00:00\" \/>\n<meta name=\"twitter:card\" content=\"summary_large_image\" \/>\n<meta name=\"twitter:label1\" content=\"Est. reading time\" \/>\n\t<meta name=\"twitter:data1\" content=\"2 minutes\" \/>\n<script type=\"application\/ld+json\" class=\"yoast-schema-graph\">{\"@context\":\"https:\/\/schema.org\",\"@graph\":[{\"@type\":\"WebPage\",\"@id\":\"https:\/\/www.hotelkatari.com\/top-qas-casaesmeralda\/\",\"url\":\"https:\/\/www.hotelkatari.com\/top-qas-casaesmeralda\/\",\"name\":\"Top Q&As - Katari\",\"isPartOf\":{\"@id\":\"https:\/\/www.hotelkatari.com\/#website\"},\"datePublished\":\"2025-01-29T15:49:30+00:00\",\"dateModified\":\"2025-03-25T16:02:51+00:00\",\"breadcrumb\":{\"@id\":\"https:\/\/www.hotelkatari.com\/top-qas-casaesmeralda\/#breadcrumb\"},\"inLanguage\":\"en-US\",\"potentialAction\":[{\"@type\":\"ReadAction\",\"target\":[\"https:\/\/www.hotelkatari.com\/top-qas-casaesmeralda\/\"]}]},{\"@type\":\"BreadcrumbList\",\"@id\":\"https:\/\/www.hotelkatari.com\/top-qas-casaesmeralda\/#breadcrumb\",\"itemListElement\":[{\"@type\":\"ListItem\",\"position\":1,\"name\":\"Home\",\"item\":\"https:\/\/www.hotelkatari.com\/\"},{\"@type\":\"ListItem\",\"position\":2,\"name\":\"Top Q&#038;As\"}]},{\"@type\":\"WebSite\",\"@id\":\"https:\/\/www.hotelkatari.com\/#website\",\"url\":\"https:\/\/www.hotelkatari.com\/\",\"name\":\"Katari Hoteles\",\"description\":\"Boutique Hotels\",\"publisher\":{\"@id\":\"https:\/\/www.hotelkatari.com\/#organization\"},\"potentialAction\":[{\"@type\":\"SearchAction\",\"target\":{\"@type\":\"EntryPoint\",\"urlTemplate\":\"https:\/\/www.hotelkatari.com\/?s={search_term_string}\"},\"query-input\":{\"@type\":\"PropertyValueSpecification\",\"valueRequired\":true,\"valueName\":\"search_term_string\"}}],\"inLanguage\":\"en-US\"},{\"@type\":\"Organization\",\"@id\":\"https:\/\/www.hotelkatari.com\/#organization\",\"name\":\"Katari Hoteles\",\"url\":\"https:\/\/www.hotelkatari.com\/\",\"logo\":{\"@type\":\"ImageObject\",\"inLanguage\":\"en-US\",\"@id\":\"https:\/\/www.hotelkatari.com\/#\/schema\/logo\/image\/\",\"url\":\"https:\/\/www.hotelkatari.com\/wp-content\/uploads\/2024\/11\/cropped-logo-katari-sinfondo.png\",\"contentUrl\":\"https:\/\/www.hotelkatari.com\/wp-content\/uploads\/2024\/11\/cropped-logo-katari-sinfondo.png\",\"width\":496,\"height\":664,\"caption\":\"Katari Hoteles\"},\"image\":{\"@id\":\"https:\/\/www.hotelkatari.com\/#\/schema\/logo\/image\/\"},\"sameAs\":[\"https:\/\/www.facebook.com\/Katariboutiquehotels\",\"https:\/\/www.instagram.com\/katari_hotels_boutique\/\"]}]}<\/script>\n<!-- \/ Yoast SEO plugin. -->","yoast_head_json":{"title":"Top Q&As - Katari","robots":{"index":"index","follow":"follow","max-snippet":"max-snippet:-1","max-image-preview":"max-image-preview:large","max-video-preview":"max-video-preview:-1"},"canonical":"https:\/\/www.hotelkatari.com\/en\/top-qas-casaesmeralda\/","og_locale":"en_US","og_type":"article","og_title":"Top Q&As - Katari","og_description":"Top Q&amp;As \u00bfD\u00f3nde est\u00e1 ubicado Casa Esmeralda By Katari? Casa Esmeralda By Katari est\u00e1 ubicado en una zona residencial tranquila de Cusco, a menos de 10 minutos caminando del Qorikancha y a 15 minutos de la Plaza de Armas. Tambi\u00e9n ofrecemos la opci\u00f3n de transporte en taxi hacia la plaza principal por menos de 2 d\u00f3lares. \u00bfEl hotel cuenta con desayuno incluido? S\u00ed, ofrecemos un desayuno buffet todas las ma\u00f1anas con una variedad de opciones deliciosas y nutritivas para comenzar el d\u00eda con energ\u00eda. \u00bfOfrecen servicio de traslado? S\u00ed, contamos con traslados desde y hacia el Aeropuerto Internacional Alejandro Velasco Astete por US$ 15.00 y desde la Estaci\u00f3n de Bus (Terrapuerto) de Cusco por US$ 10.00. Se recomienda enviar los datos del vuelo o transporte con anticipaci\u00f3n para coordinar el servicio. \u00bfEl hotel tiene Wi-Fi? S\u00ed, ofrecemos Wi-Fi gratuito en todo el establecimiento, disponible tanto en habitaciones como en \u00e1reas comunes. \u00bfEl hotel cuenta con recepci\u00f3n 24 horas? S\u00ed, nuestra recepci\u00f3n est\u00e1 abierta las 24 horas del d\u00eda, con personal biling\u00fce dispuesto a ayudarte en todo lo que necesites durante tu estancia. \u00bfCuentan con servicio de masajes en el hotel? S\u00ed, ofrecemos masajes por petici\u00f3n, dise\u00f1ados para brindar relajaci\u00f3n y bienestar. Utilizamos t\u00e9cnicas inspiradas en la naturaleza y productos saludables para crear una experiencia sensorial \u00fanica. \u00bfEl hotel cuenta con consigna de equipajes? S\u00ed, ofrecemos servicio de guarda de equipajes para que puedas disfrutar de Cusco sin preocupaciones antes del check-in o despu\u00e9s del check-out. \u00bfEl hotel ofrece servicio de concierge? S\u00ed, nuestro servicio de concierge est\u00e1 disponible para asistirte con reservas en restaurantes, tours, traslados, informaci\u00f3n tur\u00edstica y alquiler de autos. \u00bfEl hotel tiene una terraza para los hu\u00e9spedes? S\u00ed, contamos con una terraza amplia y relajante, ideal para disfrutar de momentos de descanso despu\u00e9s de un d\u00eda explorando Cusco. \u00bfLas habitaciones cuentan con caja de seguridad? S\u00ed, todas nuestras habitaciones est\u00e1n equipadas con una caja de seguridad gratuita para que guardes tus objetos de valor con total tranquilidad.","og_url":"https:\/\/www.hotelkatari.com\/en\/top-qas-casaesmeralda\/","og_site_name":"Katari","article_publisher":"https:\/\/www.facebook.com\/Katariboutiquehotels","article_modified_time":"2025-03-25T16:02:51+00:00","twitter_card":"summary_large_image","twitter_misc":{"Est. reading time":"2 minutes"},"schema":{"@context":"https:\/\/schema.org","@graph":[{"@type":"WebPage","@id":"https:\/\/www.hotelkatari.com\/top-qas-casaesmeralda\/","url":"https:\/\/www.hotelkatari.com\/top-qas-casaesmeralda\/","name":"Top Q&As - Katari","isPartOf":{"@id":"https:\/\/www.hotelkatari.com\/#website"},"datePublished":"2025-01-29T15:49:30+00:00","dateModified":"2025-03-25T16:02:51+00:00","breadcrumb":{"@id":"https:\/\/www.hotelkatari.com\/top-qas-casaesmeralda\/#breadcrumb"},"inLanguage":"en-US","potentialAction":[{"@type":"ReadAction","target":["https:\/\/www.hotelkatari.com\/top-qas-casaesmeralda\/"]}]},{"@type":"BreadcrumbList","@id":"https:\/\/www.hotelkatari.com\/top-qas-casaesmeralda\/#breadcrumb","itemListElement":[{"@type":"ListItem","position":1,"name":"Home","item":"https:\/\/www.hotelkatari.com\/"},{"@type":"ListItem","position":2,"name":"Top Q&#038;As"}]},{"@type":"WebSite","@id":"https:\/\/www.hotelkatari.com\/#website","url":"https:\/\/www.hotelkatari.com\/","name":"Katari Hoteles","description":"Boutique Hotels","publisher":{"@id":"https:\/\/www.hotelkatari.com\/#organization"},"potentialAction":[{"@type":"SearchAction","target":{"@type":"EntryPoint","urlTemplate":"https:\/\/www.hotelkatari.com\/?s={search_term_string}"},"query-input":{"@type":"PropertyValueSpecification","valueRequired":true,"valueName":"search_term_string"}}],"inLanguage":"en-US"},{"@type":"Organization","@id":"https:\/\/www.hotelkatari.com\/#organization","name":"Katari Hoteles","url":"https:\/\/www.hotelkatari.com\/","logo":{"@type":"ImageObject","inLanguage":"en-US","@id":"https:\/\/www.hotelkatari.com\/#\/schema\/logo\/image\/","url":"https:\/\/www.hotelkatari.com\/wp-content\/uploads\/2024\/11\/cropped-logo-katari-sinfondo.png","contentUrl":"https:\/\/www.hotelkatari.com\/wp-content\/uploads\/2024\/11\/cropped-logo-katari-sinfondo.png","width":496,"height":664,"caption":"Katari Hoteles"},"image":{"@id":"https:\/\/www.hotelkatari.com\/#\/schema\/logo\/image\/"},"sameAs":["https:\/\/www.facebook.com\/Katariboutiquehotels","https:\/\/www.instagram.com\/katari_hotels_boutique\/"]}]}},"_links":{"self":[{"href":"https:\/\/www.hotelkatari.com\/en\/wp-json\/wp\/v2\/pages\/2756","targetHints":{"allow":["GET"]}}],"collection":[{"href":"https:\/\/www.hotelkatari.com\/en\/wp-json\/wp\/v2\/pages"}],"about":[{"href":"https:\/\/www.hotelkatari.com\/en\/wp-json\/wp\/v2\/types\/page"}],"author":[{"embeddable":true,"href":"https:\/\/www.hotelkatari.com\/en\/wp-json\/wp\/v2\/users\/1"}],"replies":[{"embeddable":true,"href":"https:\/\/www.hotelkatari.com\/en\/wp-json\/wp\/v2\/comments?post=2756"}],"version-history":[{"count":16,"href":"https:\/\/www.hotelkatari.com\/en\/wp-json\/wp\/v2\/pages\/2756\/revisions"}],"predecessor-version":[{"id":3727,"href":"https:\/\/www.hotelkatari.com\/en\/wp-json\/wp\/v2\/pages\/2756\/revisions\/3727"}],"wp:attachment":[{"href":"https:\/\/www.hotelkatari.com\/en\/wp-json\/wp\/v2\/media?parent=2756"}],"curies":[{"name":"wp","href":"https:\/\/api.w.org\/{rel}","templated":true}]}}