{"id":2788,"date":"2025-01-29T16:17:30","date_gmt":"2025-01-29T16:17:30","guid":{"rendered":"https:\/\/www.hotelkatari.com\/?page_id=2788"},"modified":"2025-03-25T16:17:27","modified_gmt":"2025-03-25T16:17:27","slug":"top-qas-puno","status":"publish","type":"page","link":"https:\/\/www.hotelkatari.com\/en\/top-qas-puno\/","title":{"rendered":"Top Q&#038;As"},"content":{"rendered":"<div data-elementor-type=\"wp-page\" data-elementor-id=\"2788\" class=\"elementor elementor-2788\" data-elementor-settings=\"{&quot;ha_cmc_init_switcher&quot;:&quot;no&quot;}\" data-elementor-post-type=\"page\">\n\t\t\t\t<div class=\"elementor-element elementor-element-4fb58be1 e-flex e-con-boxed wpr-particle-no wpr-jarallax-no wpr-parallax-no wpr-sticky-section-no e-con e-parent\" data-id=\"4fb58be1\" data-element_type=\"container\" data-settings=\"{&quot;background_background&quot;:&quot;classic&quot;,&quot;_ha_eqh_enable&quot;:false}\">\n\t\t\t\t\t<div class=\"e-con-inner\">\n\t\t<div class=\"elementor-element elementor-element-741fced3 e-con-full e-flex wpr-particle-no wpr-jarallax-no wpr-parallax-no wpr-sticky-section-no e-con e-child\" data-id=\"741fced3\" data-element_type=\"container\" data-settings=\"{&quot;_ha_eqh_enable&quot;:false}\">\n\t\t\t\t<div class=\"elementor-element elementor-element-51c162cf elementor-invisible elementor-widget elementor-widget-heading\" data-id=\"51c162cf\" data-element_type=\"widget\" data-settings=\"{&quot;_animation&quot;:&quot;fadeIn&quot;}\" data-widget_type=\"heading.default\">\n\t\t\t\t<div class=\"elementor-widget-container\">\n\t\t\t\t\t<h2 class=\"elementor-heading-title elementor-size-default\">Top Q&amp;As<\/h2>\t\t\t\t<\/div>\n\t\t\t\t<\/div>\n\t\t\t\t<\/div>\n\t\t\t\t\t<\/div>\n\t\t\t\t<\/div>\n\t\t<div class=\"elementor-element elementor-element-2ae5e3a9 e-flex e-con-boxed wpr-particle-no wpr-jarallax-no wpr-parallax-no wpr-sticky-section-no e-con e-parent\" data-id=\"2ae5e3a9\" data-element_type=\"container\" data-settings=\"{&quot;_ha_eqh_enable&quot;:false}\">\n\t\t\t\t\t<div class=\"e-con-inner\">\n\t\t\t\t<div class=\"elementor-element elementor-element-2059f0f8 elementor-widget__width-initial elementor-invisible elementor-widget elementor-widget-jkit_accordion\" data-id=\"2059f0f8\" data-element_type=\"widget\" data-settings=\"{&quot;_animation&quot;:&quot;fadeIn&quot;,&quot;_animation_delay&quot;:&quot;200&quot;}\" data-widget_type=\"jkit_accordion.default\">\n\t\t\t\t<div class=\"elementor-widget-container\">\n\t\t\t\t\t<div  class=\"jeg-elementor-kit jkit-accordion style-default jeg_module___69ea597ea7acb\" ><div class=\"card-wrapper expand\">\n                <div class=\"card-header\">\n                    <a href=\"#expand-eb9a6c2\" class=\"card-header-button\" aria-expanded=\"false\" data-target=\"#expand-eb9a6c2\" aria-controls=\"expand-eb9a6c2\">\n                        <span class=\"title\">Where is the Hotel Atojja Chucuito Puno located?<\/span><div class=\"right-icon-group\">\n                <div class=\"normal-icon\"><i aria-hidden=\"true\" class=\"jki jki-down-arrow1-light\"><\/i><\/div>\n                <div class=\"active-icon\"><i aria-hidden=\"true\" class=\"jki jki-up-arrow1-light\"><\/i><\/div>\n            <\/div>\n                    <\/a>\n                <\/div>\n                <div class=\"card-expand\" id=\"expand-eb9a6c2\" style=\"display:block\"><div class=\"card-body\"><p>The hotel is located in the heart of Chucuito, just a 15-minute drive from Puno, in the charming city of the Royal Boxes. Its privileged location, being a short distance in intra-urban terms, allows guests to enjoy spectacular views of Lake Titicaca and easy access to the main tourist attractions in the area.<\/p><\/div><\/div>\n            <\/div><div class=\"card-wrapper\">\n                <div class=\"card-header\">\n                    <a href=\"#expand-3ad70ad\" class=\"card-header-button\" aria-expanded=\"false\" data-target=\"#expand-3ad70ad\" aria-controls=\"expand-3ad70ad\">\n                        <span class=\"title\">How many rooms does the hotel have?<\/span><div class=\"right-icon-group\">\n                <div class=\"normal-icon\"><i aria-hidden=\"true\" class=\"jki jki-down-arrow1-light\"><\/i><\/div>\n                <div class=\"active-icon\"><i aria-hidden=\"true\" class=\"jki jki-up-arrow1-light\"><\/i><\/div>\n            <\/div>\n                    <\/a>\n                <\/div>\n                <div class=\"card-expand\" id=\"expand-3ad70ad\" style=\"display:none\"><div class=\"card-body\"><p>Hotel Atojja Chucuito Puno is a three-star boutique hotel with only 15 rooms, offering a warm, intimate, and exclusive experience for its guests.<\/p><\/div><\/div>\n            <\/div><div class=\"card-wrapper\">\n                <div class=\"card-header\">\n                    <a href=\"#expand-e2f5d44\" class=\"card-header-button\" aria-expanded=\"false\" data-target=\"#expand-e2f5d44\" aria-controls=\"expand-e2f5d44\">\n                        <span class=\"title\">Does the hotel offer breakfast included?<\/span><div class=\"right-icon-group\">\n                <div class=\"normal-icon\"><i aria-hidden=\"true\" class=\"jki jki-down-arrow1-light\"><\/i><\/div>\n                <div class=\"active-icon\"><i aria-hidden=\"true\" class=\"jki jki-up-arrow1-light\"><\/i><\/div>\n            <\/div>\n                    <\/a>\n                <\/div>\n                <div class=\"card-expand\" id=\"expand-e2f5d44\" style=\"display:none\"><div class=\"card-body\"><p>Yes, Hotel Atojja Chucuito Puno offers complimentary breakfast for all its guests, ensuring a great start to the day with fresh and nutritious options.<\/p><\/div><\/div>\n            <\/div><div class=\"card-wrapper\">\n                <div class=\"card-header\">\n                    <a href=\"#expand-12efcf9\" class=\"card-header-button\" aria-expanded=\"false\" data-target=\"#expand-12efcf9\" aria-controls=\"expand-12efcf9\">\n                        <span class=\"title\">Does it have Wi-Fi connection?<\/span><div class=\"right-icon-group\">\n                <div class=\"normal-icon\"><i aria-hidden=\"true\" class=\"jki jki-down-arrow1-light\"><\/i><\/div>\n                <div class=\"active-icon\"><i aria-hidden=\"true\" class=\"jki jki-up-arrow1-light\"><\/i><\/div>\n            <\/div>\n                    <\/a>\n                <\/div>\n                <div class=\"card-expand\" id=\"expand-12efcf9\" style=\"display:none\"><div class=\"card-body\"><p>Yes, the hotel offers free Wi-Fi throughout its facilities so that guests can always stay connected.<\/p><\/div><\/div>\n            <\/div><div class=\"card-wrapper\">\n                <div class=\"card-header\">\n                    <a href=\"#expand-2cebb5b\" class=\"card-header-button\" aria-expanded=\"false\" data-target=\"#expand-2cebb5b\" aria-controls=\"expand-2cebb5b\">\n                        <span class=\"title\">What additional services does the hotel offer?<\/span><div class=\"right-icon-group\">\n                <div class=\"normal-icon\"><i aria-hidden=\"true\" class=\"jki jki-down-arrow1-light\"><\/i><\/div>\n                <div class=\"active-icon\"><i aria-hidden=\"true\" class=\"jki jki-up-arrow1-light\"><\/i><\/div>\n            <\/div>\n                    <\/a>\n                <\/div>\n                <div class=\"card-expand\" id=\"expand-2cebb5b\" style=\"display:none\"><div class=\"card-body\"><p>The hotel has laundry service, a restaurant, a bar, and a viewing terrace with stunning views of Lake Titicaca, providing a unique and relaxing experience.\"<\/p><\/div><\/div>\n            <\/div><div class=\"card-wrapper\">\n                <div class=\"card-header\">\n                    <a href=\"#expand-fbfa318\" class=\"card-header-button\" aria-expanded=\"false\" data-target=\"#expand-fbfa318\" aria-controls=\"expand-fbfa318\">\n                        <span class=\"title\">What are the main tourist attractions near the hotel?\"<\/span><div class=\"right-icon-group\">\n                <div class=\"normal-icon\"><i aria-hidden=\"true\" class=\"jki jki-down-arrow1-light\"><\/i><\/div>\n                <div class=\"active-icon\"><i aria-hidden=\"true\" class=\"jki jki-up-arrow1-light\"><\/i><\/div>\n            <\/div>\n                    <\/a>\n                <\/div>\n                <div class=\"card-expand\" id=\"expand-fbfa318\" style=\"display:none\"><div class=\"card-body\"><p>The hotel is located near several points of interest, such as Lake Titicaca, the Santo Domingo Temple, the Chucuito Viewpoint, and the Inca Uyo archaeological complex.<\/p><\/div><\/div>\n            <\/div><div class=\"card-wrapper\">\n                <div class=\"card-header\">\n                    <a href=\"#expand-e8a74a7\" class=\"card-header-button\" aria-expanded=\"false\" data-target=\"#expand-e8a74a7\" aria-controls=\"expand-e8a74a7\">\n                        <span class=\"title\">Does the hotel offer transportation from the airport or the bus station?<\/span><div class=\"right-icon-group\">\n                <div class=\"normal-icon\"><i aria-hidden=\"true\" class=\"jki jki-down-arrow1-light\"><\/i><\/div>\n                <div class=\"active-icon\"><i aria-hidden=\"true\" class=\"jki jki-up-arrow1-light\"><\/i><\/div>\n            <\/div>\n                    <\/a>\n                <\/div>\n                <div class=\"card-expand\" id=\"expand-e8a74a7\" style=\"display:none\"><div class=\"card-body\"><p>Yes, the hotel can arrange transfers from Inca Manco C\u00e1pac International Airport in Juliaca or the Puno bus station. It is recommended to request this service in advance.<\/p><\/div><\/div>\n            <\/div><\/div>\t\t\t\t<\/div>\n\t\t\t\t<\/div>\n\t\t\t\t\t<\/div>\n\t\t\t\t<\/div>\n\t\t\t\t<\/div>","protected":false},"excerpt":{"rendered":"<p>Top Q&amp;As \u00bfD\u00f3nde est\u00e1 ubicado el Hotel Atojja Chucuito Puno? El hotel se encuentra en el coraz\u00f3n de Chucuito, a solo 15 minutos en auto de Puno, en la encantadora ciudad de las Cajas Reales. Su ubicaci\u00f3n privilegiada, ya que est\u00e1 a una distancia corta en t\u00e9rminos intraurbanos, permite disfrutar de vistas espectaculares del Lago Titicaca y un f\u00e1cil acceso a las principales atracciones tur\u00edsticas de la zona. \u00bfCu\u00e1ntas habitaciones tiene el hotel? El Hotel Atojja Chucuito Puno es un hotel boutique de tres estrellas con solo 15 habitaciones, ofreciendo una experiencia c\u00e1lida, \u00edntima y exclusiva para sus hu\u00e9spedes. \u00bfEl hotel ofrece desayuno incluido? S\u00ed, el Hotel Atojja Chucuito Puno ofrece desayuno gratuito para todos sus hu\u00e9spedes, asegurando un excelente comienzo del d\u00eda con opciones frescas y nutritivas. \u00bfCuenta con conexi\u00f3n WiFi? S\u00ed, el hotel ofrece conexi\u00f3n WiFi gratuita en todas sus instalaciones para que los hu\u00e9spedes puedan estar siempre conectados. \u00bfQu\u00e9 servicios adicionales ofrece el hotel? El hotel cuenta con servicio de lavander\u00eda, restaurante, bar y una terraza mirador con impresionantes vistas del Lago Titicaca, proporcionando una experiencia \u00fanica y relajante. \u00bfCu\u00e1les son los principales atractivos tur\u00edsticos cercanos al hotel? El hotel est\u00e1 ubicado cerca de varios puntos de inter\u00e9s, como el Lago Titicaca, el Templo de Santo Domingo, el Mirador de Chucuito y el complejo arqueol\u00f3gico Inca Uyo. \u00bfEl hotel ofrece transporte desde el aeropuerto o la estaci\u00f3n de buses? S\u00ed, el hotel puede coordinar traslados desde el Aeropuerto Internacional Inca Manco C\u00e1pac de Juliaca o la estaci\u00f3n de buses de Puno. Se recomienda solicitar este servicio con anticipaci\u00f3n.<\/p>","protected":false},"author":1,"featured_media":0,"parent":0,"menu_order":0,"comment_status":"closed","ping_status":"closed","template":"","meta":{"_monsterinsights_skip_tracking":false,"_monsterinsights_sitenote_active":false,"_monsterinsights_sitenote_note":"","_monsterinsights_sitenote_category":0,"_joinchat":[],"footnotes":""},"class_list":["post-2788","page","type-page","status-publish","hentry"],"yoast_head":"<!-- This site is optimized with the Yoast SEO plugin v26.9 - https:\/\/yoast.com\/product\/yoast-seo-wordpress\/ -->\n<title>Top Q&amp;As - Katari<\/title>\n<meta name=\"robots\" content=\"index, follow, max-snippet:-1, max-image-preview:large, max-video-preview:-1\" \/>\n<link rel=\"canonical\" href=\"https:\/\/www.hotelkatari.com\/en\/top-qas-puno\/\" \/>\n<meta property=\"og:locale\" content=\"en_US\" \/>\n<meta property=\"og:type\" content=\"article\" \/>\n<meta property=\"og:title\" content=\"Top Q&amp;As - Katari\" \/>\n<meta property=\"og:description\" content=\"Top Q&amp;As \u00bfD\u00f3nde est\u00e1 ubicado el Hotel Atojja Chucuito Puno? El hotel se encuentra en el coraz\u00f3n de Chucuito, a solo 15 minutos en auto de Puno, en la encantadora ciudad de las Cajas Reales. Su ubicaci\u00f3n privilegiada, ya que est\u00e1 a una distancia corta en t\u00e9rminos intraurbanos, permite disfrutar de vistas espectaculares del Lago Titicaca y un f\u00e1cil acceso a las principales atracciones tur\u00edsticas de la zona. \u00bfCu\u00e1ntas habitaciones tiene el hotel? El Hotel Atojja Chucuito Puno es un hotel boutique de tres estrellas con solo 15 habitaciones, ofreciendo una experiencia c\u00e1lida, \u00edntima y exclusiva para sus hu\u00e9spedes. \u00bfEl hotel ofrece desayuno incluido? S\u00ed, el Hotel Atojja Chucuito Puno ofrece desayuno gratuito para todos sus hu\u00e9spedes, asegurando un excelente comienzo del d\u00eda con opciones frescas y nutritivas. \u00bfCuenta con conexi\u00f3n WiFi? S\u00ed, el hotel ofrece conexi\u00f3n WiFi gratuita en todas sus instalaciones para que los hu\u00e9spedes puedan estar siempre conectados. \u00bfQu\u00e9 servicios adicionales ofrece el hotel? El hotel cuenta con servicio de lavander\u00eda, restaurante, bar y una terraza mirador con impresionantes vistas del Lago Titicaca, proporcionando una experiencia \u00fanica y relajante. \u00bfCu\u00e1les son los principales atractivos tur\u00edsticos cercanos al hotel? El hotel est\u00e1 ubicado cerca de varios puntos de inter\u00e9s, como el Lago Titicaca, el Templo de Santo Domingo, el Mirador de Chucuito y el complejo arqueol\u00f3gico Inca Uyo. \u00bfEl hotel ofrece transporte desde el aeropuerto o la estaci\u00f3n de buses? S\u00ed, el hotel puede coordinar traslados desde el Aeropuerto Internacional Inca Manco C\u00e1pac de Juliaca o la estaci\u00f3n de buses de Puno. Se recomienda solicitar este servicio con anticipaci\u00f3n.\" \/>\n<meta property=\"og:url\" content=\"https:\/\/www.hotelkatari.com\/en\/top-qas-puno\/\" \/>\n<meta property=\"og:site_name\" content=\"Katari\" \/>\n<meta property=\"article:publisher\" content=\"https:\/\/www.facebook.com\/Katariboutiquehotels\" \/>\n<meta property=\"article:modified_time\" content=\"2025-03-25T16:17:27+00:00\" \/>\n<meta name=\"twitter:card\" content=\"summary_large_image\" \/>\n<meta name=\"twitter:label1\" content=\"Est. reading time\" \/>\n\t<meta name=\"twitter:data1\" content=\"1 minute\" \/>\n<script type=\"application\/ld+json\" class=\"yoast-schema-graph\">{\"@context\":\"https:\/\/schema.org\",\"@graph\":[{\"@type\":\"WebPage\",\"@id\":\"https:\/\/www.hotelkatari.com\/top-qas-puno\/\",\"url\":\"https:\/\/www.hotelkatari.com\/top-qas-puno\/\",\"name\":\"Top Q&As - Katari\",\"isPartOf\":{\"@id\":\"https:\/\/www.hotelkatari.com\/#website\"},\"datePublished\":\"2025-01-29T16:17:30+00:00\",\"dateModified\":\"2025-03-25T16:17:27+00:00\",\"breadcrumb\":{\"@id\":\"https:\/\/www.hotelkatari.com\/top-qas-puno\/#breadcrumb\"},\"inLanguage\":\"en-US\",\"potentialAction\":[{\"@type\":\"ReadAction\",\"target\":[\"https:\/\/www.hotelkatari.com\/top-qas-puno\/\"]}]},{\"@type\":\"BreadcrumbList\",\"@id\":\"https:\/\/www.hotelkatari.com\/top-qas-puno\/#breadcrumb\",\"itemListElement\":[{\"@type\":\"ListItem\",\"position\":1,\"name\":\"Home\",\"item\":\"https:\/\/www.hotelkatari.com\/\"},{\"@type\":\"ListItem\",\"position\":2,\"name\":\"Top Q&#038;As\"}]},{\"@type\":\"WebSite\",\"@id\":\"https:\/\/www.hotelkatari.com\/#website\",\"url\":\"https:\/\/www.hotelkatari.com\/\",\"name\":\"Katari Hoteles\",\"description\":\"Boutique Hotels\",\"publisher\":{\"@id\":\"https:\/\/www.hotelkatari.com\/#organization\"},\"potentialAction\":[{\"@type\":\"SearchAction\",\"target\":{\"@type\":\"EntryPoint\",\"urlTemplate\":\"https:\/\/www.hotelkatari.com\/?s={search_term_string}\"},\"query-input\":{\"@type\":\"PropertyValueSpecification\",\"valueRequired\":true,\"valueName\":\"search_term_string\"}}],\"inLanguage\":\"en-US\"},{\"@type\":\"Organization\",\"@id\":\"https:\/\/www.hotelkatari.com\/#organization\",\"name\":\"Katari Hoteles\",\"url\":\"https:\/\/www.hotelkatari.com\/\",\"logo\":{\"@type\":\"ImageObject\",\"inLanguage\":\"en-US\",\"@id\":\"https:\/\/www.hotelkatari.com\/#\/schema\/logo\/image\/\",\"url\":\"https:\/\/www.hotelkatari.com\/wp-content\/uploads\/2024\/11\/cropped-logo-katari-sinfondo.png\",\"contentUrl\":\"https:\/\/www.hotelkatari.com\/wp-content\/uploads\/2024\/11\/cropped-logo-katari-sinfondo.png\",\"width\":496,\"height\":664,\"caption\":\"Katari Hoteles\"},\"image\":{\"@id\":\"https:\/\/www.hotelkatari.com\/#\/schema\/logo\/image\/\"},\"sameAs\":[\"https:\/\/www.facebook.com\/Katariboutiquehotels\",\"https:\/\/www.instagram.com\/katari_hotels_boutique\/\"]}]}<\/script>\n<!-- \/ Yoast SEO plugin. -->","yoast_head_json":{"title":"Top Q&As - Katari","robots":{"index":"index","follow":"follow","max-snippet":"max-snippet:-1","max-image-preview":"max-image-preview:large","max-video-preview":"max-video-preview:-1"},"canonical":"https:\/\/www.hotelkatari.com\/en\/top-qas-puno\/","og_locale":"en_US","og_type":"article","og_title":"Top Q&As - Katari","og_description":"Top Q&amp;As \u00bfD\u00f3nde est\u00e1 ubicado el Hotel Atojja Chucuito Puno? El hotel se encuentra en el coraz\u00f3n de Chucuito, a solo 15 minutos en auto de Puno, en la encantadora ciudad de las Cajas Reales. Su ubicaci\u00f3n privilegiada, ya que est\u00e1 a una distancia corta en t\u00e9rminos intraurbanos, permite disfrutar de vistas espectaculares del Lago Titicaca y un f\u00e1cil acceso a las principales atracciones tur\u00edsticas de la zona. \u00bfCu\u00e1ntas habitaciones tiene el hotel? El Hotel Atojja Chucuito Puno es un hotel boutique de tres estrellas con solo 15 habitaciones, ofreciendo una experiencia c\u00e1lida, \u00edntima y exclusiva para sus hu\u00e9spedes. \u00bfEl hotel ofrece desayuno incluido? S\u00ed, el Hotel Atojja Chucuito Puno ofrece desayuno gratuito para todos sus hu\u00e9spedes, asegurando un excelente comienzo del d\u00eda con opciones frescas y nutritivas. \u00bfCuenta con conexi\u00f3n WiFi? S\u00ed, el hotel ofrece conexi\u00f3n WiFi gratuita en todas sus instalaciones para que los hu\u00e9spedes puedan estar siempre conectados. \u00bfQu\u00e9 servicios adicionales ofrece el hotel? El hotel cuenta con servicio de lavander\u00eda, restaurante, bar y una terraza mirador con impresionantes vistas del Lago Titicaca, proporcionando una experiencia \u00fanica y relajante. \u00bfCu\u00e1les son los principales atractivos tur\u00edsticos cercanos al hotel? El hotel est\u00e1 ubicado cerca de varios puntos de inter\u00e9s, como el Lago Titicaca, el Templo de Santo Domingo, el Mirador de Chucuito y el complejo arqueol\u00f3gico Inca Uyo. \u00bfEl hotel ofrece transporte desde el aeropuerto o la estaci\u00f3n de buses? S\u00ed, el hotel puede coordinar traslados desde el Aeropuerto Internacional Inca Manco C\u00e1pac de Juliaca o la estaci\u00f3n de buses de Puno. Se recomienda solicitar este servicio con anticipaci\u00f3n.","og_url":"https:\/\/www.hotelkatari.com\/en\/top-qas-puno\/","og_site_name":"Katari","article_publisher":"https:\/\/www.facebook.com\/Katariboutiquehotels","article_modified_time":"2025-03-25T16:17:27+00:00","twitter_card":"summary_large_image","twitter_misc":{"Est. reading time":"1 minute"},"schema":{"@context":"https:\/\/schema.org","@graph":[{"@type":"WebPage","@id":"https:\/\/www.hotelkatari.com\/top-qas-puno\/","url":"https:\/\/www.hotelkatari.com\/top-qas-puno\/","name":"Top Q&As - Katari","isPartOf":{"@id":"https:\/\/www.hotelkatari.com\/#website"},"datePublished":"2025-01-29T16:17:30+00:00","dateModified":"2025-03-25T16:17:27+00:00","breadcrumb":{"@id":"https:\/\/www.hotelkatari.com\/top-qas-puno\/#breadcrumb"},"inLanguage":"en-US","potentialAction":[{"@type":"ReadAction","target":["https:\/\/www.hotelkatari.com\/top-qas-puno\/"]}]},{"@type":"BreadcrumbList","@id":"https:\/\/www.hotelkatari.com\/top-qas-puno\/#breadcrumb","itemListElement":[{"@type":"ListItem","position":1,"name":"Home","item":"https:\/\/www.hotelkatari.com\/"},{"@type":"ListItem","position":2,"name":"Top Q&#038;As"}]},{"@type":"WebSite","@id":"https:\/\/www.hotelkatari.com\/#website","url":"https:\/\/www.hotelkatari.com\/","name":"Katari Hoteles","description":"Boutique Hotels","publisher":{"@id":"https:\/\/www.hotelkatari.com\/#organization"},"potentialAction":[{"@type":"SearchAction","target":{"@type":"EntryPoint","urlTemplate":"https:\/\/www.hotelkatari.com\/?s={search_term_string}"},"query-input":{"@type":"PropertyValueSpecification","valueRequired":true,"valueName":"search_term_string"}}],"inLanguage":"en-US"},{"@type":"Organization","@id":"https:\/\/www.hotelkatari.com\/#organization","name":"Katari Hoteles","url":"https:\/\/www.hotelkatari.com\/","logo":{"@type":"ImageObject","inLanguage":"en-US","@id":"https:\/\/www.hotelkatari.com\/#\/schema\/logo\/image\/","url":"https:\/\/www.hotelkatari.com\/wp-content\/uploads\/2024\/11\/cropped-logo-katari-sinfondo.png","contentUrl":"https:\/\/www.hotelkatari.com\/wp-content\/uploads\/2024\/11\/cropped-logo-katari-sinfondo.png","width":496,"height":664,"caption":"Katari Hoteles"},"image":{"@id":"https:\/\/www.hotelkatari.com\/#\/schema\/logo\/image\/"},"sameAs":["https:\/\/www.facebook.com\/Katariboutiquehotels","https:\/\/www.instagram.com\/katari_hotels_boutique\/"]}]}},"_links":{"self":[{"href":"https:\/\/www.hotelkatari.com\/en\/wp-json\/wp\/v2\/pages\/2788","targetHints":{"allow":["GET"]}}],"collection":[{"href":"https:\/\/www.hotelkatari.com\/en\/wp-json\/wp\/v2\/pages"}],"about":[{"href":"https:\/\/www.hotelkatari.com\/en\/wp-json\/wp\/v2\/types\/page"}],"author":[{"embeddable":true,"href":"https:\/\/www.hotelkatari.com\/en\/wp-json\/wp\/v2\/users\/1"}],"replies":[{"embeddable":true,"href":"https:\/\/www.hotelkatari.com\/en\/wp-json\/wp\/v2\/comments?post=2788"}],"version-history":[{"count":16,"href":"https:\/\/www.hotelkatari.com\/en\/wp-json\/wp\/v2\/pages\/2788\/revisions"}],"predecessor-version":[{"id":3750,"href":"https:\/\/www.hotelkatari.com\/en\/wp-json\/wp\/v2\/pages\/2788\/revisions\/3750"}],"wp:attachment":[{"href":"https:\/\/www.hotelkatari.com\/en\/wp-json\/wp\/v2\/media?parent=2788"}],"curies":[{"name":"wp","href":"https:\/\/api.w.org\/{rel}","templated":true}]}}