{"id":3407,"date":"2025-03-05T17:59:12","date_gmt":"2025-03-05T17:59:12","guid":{"rendered":"https:\/\/www.hotelkatari.com\/?page_id=3407"},"modified":"2025-03-25T15:24:20","modified_gmt":"2025-03-25T15:24:20","slug":"reservas-restaurante-cuzco","status":"publish","type":"page","link":"https:\/\/www.hotelkatari.com\/en\/reservas-restaurante-cuzco\/","title":{"rendered":"Reservas Restaurante Cuzco"},"content":{"rendered":"<div data-elementor-type=\"wp-page\" data-elementor-id=\"3407\" class=\"elementor elementor-3407\" data-elementor-settings=\"{&quot;ha_cmc_init_switcher&quot;:&quot;no&quot;}\" data-elementor-post-type=\"page\">\n\t\t\t\t<div class=\"elementor-element elementor-element-2c2086ba e-flex e-con-boxed wpr-particle-no wpr-jarallax-no wpr-parallax-no wpr-sticky-section-no e-con e-parent\" data-id=\"2c2086ba\" data-element_type=\"container\" data-settings=\"{&quot;background_background&quot;:&quot;classic&quot;,&quot;_ha_eqh_enable&quot;:false}\">\n\t\t\t\t\t<div class=\"e-con-inner\">\n\t\t<div class=\"elementor-element elementor-element-4b4d96ea e-con-full e-flex wpr-particle-no wpr-jarallax-no wpr-parallax-no wpr-sticky-section-no e-con e-child\" data-id=\"4b4d96ea\" data-element_type=\"container\" data-settings=\"{&quot;_ha_eqh_enable&quot;:false}\">\n\t\t\t\t<div class=\"elementor-element elementor-element-efb0919 elementor-invisible elementor-widget elementor-widget-heading\" data-id=\"efb0919\" data-element_type=\"widget\" data-settings=\"{&quot;_animation&quot;:&quot;fadeIn&quot;}\" data-widget_type=\"heading.default\">\n\t\t\t\t<div class=\"elementor-widget-container\">\n\t\t\t\t\t<h2 class=\"elementor-heading-title elementor-size-default\">Make your reservation<\/h2>\t\t\t\t<\/div>\n\t\t\t\t<\/div>\n\t\t\t\t<\/div>\n\t\t\t\t\t<\/div>\n\t\t\t\t<\/div>\n\t\t<div class=\"elementor-element elementor-element-14e9a95f e-flex e-con-boxed wpr-particle-no wpr-jarallax-no wpr-parallax-no wpr-sticky-section-no e-con e-child\" data-id=\"14e9a95f\" data-element_type=\"container\" data-settings=\"{&quot;_ha_eqh_enable&quot;:false}\">\n\t\t\t\t\t<div class=\"e-con-inner\">\n\t\t<div class=\"elementor-element elementor-element-7175d417 e-con-full e-flex wpr-particle-no wpr-jarallax-no wpr-parallax-no wpr-sticky-section-no e-con e-child\" data-id=\"7175d417\" data-element_type=\"container\" data-settings=\"{&quot;_ha_eqh_enable&quot;:false}\">\n\t\t\t\t<div class=\"elementor-element elementor-element-6fc7d8ca elementor-widget-tablet__width-initial elementor-invisible elementor-widget elementor-widget-heading\" data-id=\"6fc7d8ca\" data-element_type=\"widget\" data-settings=\"{&quot;_animation&quot;:&quot;fadeIn&quot;}\" data-widget_type=\"heading.default\">\n\t\t\t\t<div class=\"elementor-widget-container\">\n\t\t\t\t\t<h2 class=\"elementor-heading-title elementor-size-default\">We\u2019re Here for You<\/h2>\t\t\t\t<\/div>\n\t\t\t\t<\/div>\n\t\t\t\t<div class=\"elementor-element elementor-element-52b24715 elementor-widget-tablet__width-initial elementor-widget-mobile__width-inherit elementor-invisible elementor-widget elementor-widget-text-editor\" data-id=\"52b24715\" data-element_type=\"widget\" data-settings=\"{&quot;_animation&quot;:&quot;fadeIn&quot;,&quot;_animation_delay&quot;:&quot;200&quot;}\" data-widget_type=\"text-editor.default\">\n\t\t\t\t<div class=\"elementor-widget-container\">\n\t\t\t\t\t\t\t\t\t<p data-start=\"53\" data-end=\"140\">Do you have questions or need help with your reservation? Contact us and let us assist you.<\/p><p data-start=\"142\" data-end=\"255\">Our team is available 24 hours a day to ensure your experience at our restaurant is unforgettable.<\/p>\t\t\t\t\t\t\t\t<\/div>\n\t\t\t\t<\/div>\n\t\t<div class=\"elementor-element elementor-element-5e927015 e-con-full e-flex wpr-particle-no wpr-jarallax-no wpr-parallax-no wpr-sticky-section-no e-con e-child\" data-id=\"5e927015\" data-element_type=\"container\" data-settings=\"{&quot;_ha_eqh_enable&quot;:false}\">\n\t\t\t\t<div class=\"elementor-element elementor-element-c103cb0 elementor-widget__width-auto elementor-icon-list--layout-traditional elementor-list-item-link-full_width elementor-widget elementor-widget-icon-list\" data-id=\"c103cb0\" data-element_type=\"widget\" data-widget_type=\"icon-list.default\">\n\t\t\t\t<div class=\"elementor-widget-container\">\n\t\t\t\t\t\t\t<ul class=\"elementor-icon-list-items\">\n\t\t\t\t\t\t\t<li class=\"elementor-icon-list-item\">\n\t\t\t\t\t\t\t\t\t\t\t<a href=\"https:\/\/maps.app.goo.gl\/MUtTigj6VARCF7Lf6\" target=\"_blank\">\n\n\t\t\t\t\t\t\t\t\t\t\t\t<span class=\"elementor-icon-list-icon\">\n\t\t\t\t\t\t\t<i aria-hidden=\"true\" class=\"jki jki-google-map-light\"><\/i>\t\t\t\t\t\t<\/span>\n\t\t\t\t\t\t\t\t\t\t<span class=\"elementor-icon-list-text\">Del Medio 123, Cusco 08000<\/span>\n\t\t\t\t\t\t\t\t\t\t\t<\/a>\n\t\t\t\t\t\t\t\t\t<\/li>\n\t\t\t\t\t\t\t\t<li class=\"elementor-icon-list-item\">\n\t\t\t\t\t\t\t\t\t\t\t<span class=\"elementor-icon-list-icon\">\n\t\t\t\t\t\t\t<i aria-hidden=\"true\" class=\"jki jki-phone-call-light\"><\/i>\t\t\t\t\t\t<\/span>\n\t\t\t\t\t\t\t\t\t\t<span class=\"elementor-icon-list-text\"><a href=\"tel:+5154213141\" class=\"telefono-1\">(+51) (54)213141<\/a> \/  <a href=\"tel:+51989584859\" class=\"telefono-2\">(+51) 989 584 859<\/a><\/span>\n\t\t\t\t\t\t\t\t\t<\/li>\n\t\t\t\t\t\t\t\t<li class=\"elementor-icon-list-item\">\n\t\t\t\t\t\t\t\t\t\t\t<a href=\"mailto:reservas@hotelkatari.com\" target=\"_blank\">\n\n\t\t\t\t\t\t\t\t\t\t\t\t<span class=\"elementor-icon-list-icon\">\n\t\t\t\t\t\t\t<i aria-hidden=\"true\" class=\"jki jki-email1-light\"><\/i>\t\t\t\t\t\t<\/span>\n\t\t\t\t\t\t\t\t\t\t<span class=\"elementor-icon-list-text\">reservas@hotelkatari.com<\/span>\n\t\t\t\t\t\t\t\t\t\t\t<\/a>\n\t\t\t\t\t\t\t\t\t<\/li>\n\t\t\t\t\t\t<\/ul>\n\t\t\t\t\t\t<\/div>\n\t\t\t\t<\/div>\n\t\t\t\t<\/div>\n\t\t\t\t<\/div>\n\t\t<div class=\"elementor-element elementor-element-238367a1 e-con-full e-flex wpr-particle-no wpr-jarallax-no wpr-parallax-no wpr-sticky-section-no elementor-invisible e-con e-child\" data-id=\"238367a1\" data-element_type=\"container\" data-settings=\"{&quot;background_background&quot;:&quot;classic&quot;,&quot;animation&quot;:&quot;fadeIn&quot;,&quot;_ha_eqh_enable&quot;:false}\">\n\t\t\t\t<div class=\"elementor-element elementor-element-0b8c1e4 elementor-button-align-stretch elementor-widget elementor-widget-form\" data-id=\"0b8c1e4\" data-element_type=\"widget\" data-settings=\"{&quot;step_next_label&quot;:&quot;Next&quot;,&quot;step_previous_label&quot;:&quot;Previous&quot;,&quot;button_width&quot;:&quot;100&quot;,&quot;step_type&quot;:&quot;number_text&quot;,&quot;step_icon_shape&quot;:&quot;circle&quot;}\" data-widget_type=\"form.default\">\n\t\t\t\t<div class=\"elementor-widget-container\">\n\t\t\t\t\t\t\t<form class=\"elementor-form\" method=\"post\" name=\"New Form\" action=\"\">\n\t\t\t<input type=\"hidden\" name=\"post_id\" value=\"3407\"\/>\n\t\t\t<input type=\"hidden\" name=\"form_id\" value=\"0b8c1e4\"\/>\n\t\t\t<input type=\"hidden\" name=\"referer_title\" value=\"Reservas Restaurante Cuzco - Katari\" \/>\n\n\t\t\t\t\t\t\t<input type=\"hidden\" name=\"queried_id\" value=\"3407\"\/>\n\t\t\t\n\t\t\t<div class=\"elementor-form-fields-wrapper elementor-labels-above\">\n\t\t\t\t\t\t\t\t<div class=\"elementor-field-type-text elementor-field-group elementor-column elementor-field-group-name elementor-col-100 elementor-field-required elementor-mark-required\">\n\t\t\t\t\t\t\t\t\t\t\t\t<label for=\"form-field-name\" class=\"elementor-field-label\">\n\t\t\t\t\t\t\t\tFirst and Last Name\t\t\t\t\t\t\t<\/label>\n\t\t\t\t\t\t\t\t\t\t\t\t\t\t<input size=\"1\" type=\"text\" name=\"form_fields[name]\" id=\"form-field-name\" class=\"elementor-field elementor-size-sm  elementor-field-textual\" required=\"required\">\n\t\t\t\t\t\t\t\t\t\t\t<\/div>\n\t\t\t\t\t\t\t\t<div class=\"elementor-field-type-email elementor-field-group elementor-column elementor-field-group-email elementor-col-100 elementor-field-required elementor-mark-required\">\n\t\t\t\t\t\t\t\t\t\t\t\t<label for=\"form-field-email\" class=\"elementor-field-label\">\n\t\t\t\t\t\t\t\tE-mail\t\t\t\t\t\t\t<\/label>\n\t\t\t\t\t\t\t\t\t\t\t\t\t\t<input size=\"1\" type=\"email\" name=\"form_fields[email]\" id=\"form-field-email\" class=\"elementor-field elementor-size-sm  elementor-field-textual\" required=\"required\">\n\t\t\t\t\t\t\t\t\t\t\t<\/div>\n\t\t\t\t\t\t\t\t<div class=\"elementor-field-type-number elementor-field-group elementor-column elementor-field-group-field_a838b3f elementor-col-100 elementor-field-required elementor-mark-required\">\n\t\t\t\t\t\t\t\t\t\t\t\t<label for=\"form-field-field_a838b3f\" class=\"elementor-field-label\">\n\t\t\t\t\t\t\t\tNumber of People\t\t\t\t\t\t\t<\/label>\n\t\t\t\t\t\t\t\t\t<input type=\"number\" name=\"form_fields[field_a838b3f]\" id=\"form-field-field_a838b3f\" class=\"elementor-field elementor-size-sm  elementor-field-textual\" required=\"required\" min=\"1\" max=\"12\" >\n\t\t\t\t\t\t<\/div>\n\t\t\t\t\t\t\t\t<div class=\"elementor-field-type-date elementor-field-group elementor-column elementor-field-group-field_7751eef elementor-col-100\">\n\t\t\t\t\t\t\t\t\t\t\t\t<label for=\"form-field-field_7751eef\" class=\"elementor-field-label\">\n\t\t\t\t\t\t\t\tDay\t\t\t\t\t\t\t<\/label>\n\t\t\t\t\t\t\n\t\t<input type=\"date\" name=\"form_fields[field_7751eef]\" id=\"form-field-field_7751eef\" class=\"elementor-field elementor-size-sm  elementor-field-textual elementor-date-field\" pattern=\"[0-9]{4}-[0-9]{2}-[0-9]{2}\">\n\t\t\t\t\t\t<\/div>\n\t\t\t\t\t\t\t\t<div class=\"elementor-field-type-time elementor-field-group elementor-column elementor-field-group-field_32ee51d elementor-col-100\">\n\t\t\t\t\t\t\t\t\t\t\t\t<label for=\"form-field-field_32ee51d\" class=\"elementor-field-label\">\n\t\t\t\t\t\t\t\tHour\t\t\t\t\t\t\t<\/label>\n\t\t\t\t\t\t\t\t<input type=\"time\" name=\"form_fields[field_32ee51d]\" id=\"form-field-field_32ee51d\" class=\"elementor-field elementor-size-sm  elementor-field-textual elementor-time-field\">\n\t\t\t\t\t\t<\/div>\n\t\t\t\t\t\t\t\t<div class=\"elementor-field-group elementor-column elementor-field-type-submit elementor-col-100 e-form__buttons\">\n\t\t\t\t\t<button class=\"elementor-button elementor-size-sm\" type=\"submit\">\n\t\t\t\t\t\t<span class=\"elementor-button-content-wrapper\">\n\t\t\t\t\t\t\t\t\t\t\t\t\t\t\t\t\t\t\t\t\t\t<span class=\"elementor-button-text\">MAKE A RESERVATION<\/span>\n\t\t\t\t\t\t\t\t\t\t\t\t\t<\/span>\n\t\t\t\t\t<\/button>\n\t\t\t\t<\/div>\n\t\t\t<\/div>\n\t\t<input type=\"hidden\" name=\"trp-form-language\" value=\"en\"\/><\/form>\n\t\t\t\t\t\t<\/div>\n\t\t\t\t<\/div>\n\t\t\t\t<\/div>\n\t\t\t\t\t<\/div>\n\t\t\t\t<\/div>\n\t\t<div class=\"elementor-element elementor-element-2edd50b9 e-con-full e-flex wpr-particle-no wpr-jarallax-no wpr-parallax-no wpr-sticky-section-no elementor-invisible e-con e-parent\" data-id=\"2edd50b9\" data-element_type=\"container\" data-settings=\"{&quot;animation&quot;:&quot;fadeIn&quot;,&quot;_ha_eqh_enable&quot;:false}\">\n\t\t\t\t<div class=\"elementor-element elementor-element-3f1f5ec3 elementor-widget elementor-widget-google_maps\" data-id=\"3f1f5ec3\" data-element_type=\"widget\" data-widget_type=\"google_maps.default\">\n\t\t\t\t<div class=\"elementor-widget-container\">\n\t\t\t\t\t\t\t<div class=\"elementor-custom-embed\">\n\t\t\t<iframe loading=\"lazy\"\n\t\t\t\t\tsrc=\"https:\/\/maps.google.com\/maps?q=Katari%20Hotel&#038;t=m&#038;z=14&#038;output=embed&#038;iwloc=near\"\n\t\t\t\t\ttitle=\"Katari Hotel\"\n\t\t\t\t\taria-label=\"Katari Hotel\"\n\t\t\t><\/iframe>\n\t\t<\/div>\n\t\t\t\t\t\t<\/div>\n\t\t\t\t<\/div>\n\t\t\t\t<\/div>\n\t\t\t\t<\/div>","protected":false},"excerpt":{"rendered":"<p>Realice su reserva Estamos Aqu\u00ed para Usted \u00bfTiene preguntas o necesita ayuda con su reserva? Cont\u00e1ctenos y perm\u00edtanos asistirle. Nuestro equipo est\u00e1 disponible las 24 horas para garantizar que su experiencia en nuestro restaurante sea inolvidable. Del Medio 123, Cusco 08000 (+51) (54)213141 \/ (+51) 989 584 859 reservas@hotelkatari.com<\/p>","protected":false},"author":1,"featured_media":0,"parent":0,"menu_order":0,"comment_status":"closed","ping_status":"closed","template":"","meta":{"_monsterinsights_skip_tracking":false,"_monsterinsights_sitenote_active":false,"_monsterinsights_sitenote_note":"","_monsterinsights_sitenote_category":0,"_joinchat":[],"footnotes":""},"class_list":["post-3407","page","type-page","status-publish","hentry"],"yoast_head":"<!-- This site is optimized with the Yoast SEO plugin v26.9 - https:\/\/yoast.com\/product\/yoast-seo-wordpress\/ -->\n<title>Reservas Restaurante Cuzco - Katari<\/title>\n<meta name=\"robots\" content=\"index, follow, max-snippet:-1, max-image-preview:large, max-video-preview:-1\" \/>\n<link rel=\"canonical\" href=\"https:\/\/www.hotelkatari.com\/en\/reservas-restaurante-cuzco\/\" \/>\n<meta property=\"og:locale\" content=\"en_US\" \/>\n<meta property=\"og:type\" content=\"article\" \/>\n<meta property=\"og:title\" content=\"Reservas Restaurante Cuzco - Katari\" \/>\n<meta property=\"og:description\" content=\"Realice su reserva Estamos Aqu\u00ed para Usted \u00bfTiene preguntas o necesita ayuda con su reserva? Cont\u00e1ctenos y perm\u00edtanos asistirle. Nuestro equipo est\u00e1 disponible las 24 horas para garantizar que su experiencia en nuestro restaurante sea inolvidable. Del Medio 123, Cusco 08000 (+51) (54)213141 \/ (+51) 989 584 859 reservas@hotelkatari.com\" \/>\n<meta property=\"og:url\" content=\"https:\/\/www.hotelkatari.com\/en\/reservas-restaurante-cuzco\/\" \/>\n<meta property=\"og:site_name\" content=\"Katari\" \/>\n<meta property=\"article:publisher\" content=\"https:\/\/www.facebook.com\/Katariboutiquehotels\" \/>\n<meta property=\"article:modified_time\" content=\"2025-03-25T15:24:20+00:00\" \/>\n<meta name=\"twitter:card\" content=\"summary_large_image\" \/>\n<script type=\"application\/ld+json\" class=\"yoast-schema-graph\">{\"@context\":\"https:\/\/schema.org\",\"@graph\":[{\"@type\":\"WebPage\",\"@id\":\"https:\/\/www.hotelkatari.com\/reservas-restaurante-cuzco\/\",\"url\":\"https:\/\/www.hotelkatari.com\/reservas-restaurante-cuzco\/\",\"name\":\"Reservas Restaurante Cuzco - Katari\",\"isPartOf\":{\"@id\":\"https:\/\/www.hotelkatari.com\/#website\"},\"datePublished\":\"2025-03-05T17:59:12+00:00\",\"dateModified\":\"2025-03-25T15:24:20+00:00\",\"breadcrumb\":{\"@id\":\"https:\/\/www.hotelkatari.com\/reservas-restaurante-cuzco\/#breadcrumb\"},\"inLanguage\":\"en-US\",\"potentialAction\":[{\"@type\":\"ReadAction\",\"target\":[\"https:\/\/www.hotelkatari.com\/reservas-restaurante-cuzco\/\"]}]},{\"@type\":\"BreadcrumbList\",\"@id\":\"https:\/\/www.hotelkatari.com\/reservas-restaurante-cuzco\/#breadcrumb\",\"itemListElement\":[{\"@type\":\"ListItem\",\"position\":1,\"name\":\"Home\",\"item\":\"https:\/\/www.hotelkatari.com\/\"},{\"@type\":\"ListItem\",\"position\":2,\"name\":\"Reservas Restaurante Cuzco\"}]},{\"@type\":\"WebSite\",\"@id\":\"https:\/\/www.hotelkatari.com\/#website\",\"url\":\"https:\/\/www.hotelkatari.com\/\",\"name\":\"Katari Hoteles\",\"description\":\"Boutique Hotels\",\"publisher\":{\"@id\":\"https:\/\/www.hotelkatari.com\/#organization\"},\"potentialAction\":[{\"@type\":\"SearchAction\",\"target\":{\"@type\":\"EntryPoint\",\"urlTemplate\":\"https:\/\/www.hotelkatari.com\/?s={search_term_string}\"},\"query-input\":{\"@type\":\"PropertyValueSpecification\",\"valueRequired\":true,\"valueName\":\"search_term_string\"}}],\"inLanguage\":\"en-US\"},{\"@type\":\"Organization\",\"@id\":\"https:\/\/www.hotelkatari.com\/#organization\",\"name\":\"Katari Hoteles\",\"url\":\"https:\/\/www.hotelkatari.com\/\",\"logo\":{\"@type\":\"ImageObject\",\"inLanguage\":\"en-US\",\"@id\":\"https:\/\/www.hotelkatari.com\/#\/schema\/logo\/image\/\",\"url\":\"https:\/\/www.hotelkatari.com\/wp-content\/uploads\/2024\/11\/cropped-logo-katari-sinfondo.png\",\"contentUrl\":\"https:\/\/www.hotelkatari.com\/wp-content\/uploads\/2024\/11\/cropped-logo-katari-sinfondo.png\",\"width\":496,\"height\":664,\"caption\":\"Katari Hoteles\"},\"image\":{\"@id\":\"https:\/\/www.hotelkatari.com\/#\/schema\/logo\/image\/\"},\"sameAs\":[\"https:\/\/www.facebook.com\/Katariboutiquehotels\",\"https:\/\/www.instagram.com\/katari_hotels_boutique\/\"]}]}<\/script>\n<!-- \/ Yoast SEO plugin. -->","yoast_head_json":{"title":"Reservas Restaurante Cuzco - Katari","robots":{"index":"index","follow":"follow","max-snippet":"max-snippet:-1","max-image-preview":"max-image-preview:large","max-video-preview":"max-video-preview:-1"},"canonical":"https:\/\/www.hotelkatari.com\/en\/reservas-restaurante-cuzco\/","og_locale":"en_US","og_type":"article","og_title":"Reservas Restaurante Cuzco - Katari","og_description":"Realice su reserva Estamos Aqu\u00ed para Usted \u00bfTiene preguntas o necesita ayuda con su reserva? Cont\u00e1ctenos y perm\u00edtanos asistirle. Nuestro equipo est\u00e1 disponible las 24 horas para garantizar que su experiencia en nuestro restaurante sea inolvidable. Del Medio 123, Cusco 08000 (+51) (54)213141 \/ (+51) 989 584 859 reservas@hotelkatari.com","og_url":"https:\/\/www.hotelkatari.com\/en\/reservas-restaurante-cuzco\/","og_site_name":"Katari","article_publisher":"https:\/\/www.facebook.com\/Katariboutiquehotels","article_modified_time":"2025-03-25T15:24:20+00:00","twitter_card":"summary_large_image","schema":{"@context":"https:\/\/schema.org","@graph":[{"@type":"WebPage","@id":"https:\/\/www.hotelkatari.com\/reservas-restaurante-cuzco\/","url":"https:\/\/www.hotelkatari.com\/reservas-restaurante-cuzco\/","name":"Reservas Restaurante Cuzco - Katari","isPartOf":{"@id":"https:\/\/www.hotelkatari.com\/#website"},"datePublished":"2025-03-05T17:59:12+00:00","dateModified":"2025-03-25T15:24:20+00:00","breadcrumb":{"@id":"https:\/\/www.hotelkatari.com\/reservas-restaurante-cuzco\/#breadcrumb"},"inLanguage":"en-US","potentialAction":[{"@type":"ReadAction","target":["https:\/\/www.hotelkatari.com\/reservas-restaurante-cuzco\/"]}]},{"@type":"BreadcrumbList","@id":"https:\/\/www.hotelkatari.com\/reservas-restaurante-cuzco\/#breadcrumb","itemListElement":[{"@type":"ListItem","position":1,"name":"Home","item":"https:\/\/www.hotelkatari.com\/"},{"@type":"ListItem","position":2,"name":"Reservas Restaurante Cuzco"}]},{"@type":"WebSite","@id":"https:\/\/www.hotelkatari.com\/#website","url":"https:\/\/www.hotelkatari.com\/","name":"Katari Hoteles","description":"Boutique Hotels","publisher":{"@id":"https:\/\/www.hotelkatari.com\/#organization"},"potentialAction":[{"@type":"SearchAction","target":{"@type":"EntryPoint","urlTemplate":"https:\/\/www.hotelkatari.com\/?s={search_term_string}"},"query-input":{"@type":"PropertyValueSpecification","valueRequired":true,"valueName":"search_term_string"}}],"inLanguage":"en-US"},{"@type":"Organization","@id":"https:\/\/www.hotelkatari.com\/#organization","name":"Katari Hoteles","url":"https:\/\/www.hotelkatari.com\/","logo":{"@type":"ImageObject","inLanguage":"en-US","@id":"https:\/\/www.hotelkatari.com\/#\/schema\/logo\/image\/","url":"https:\/\/www.hotelkatari.com\/wp-content\/uploads\/2024\/11\/cropped-logo-katari-sinfondo.png","contentUrl":"https:\/\/www.hotelkatari.com\/wp-content\/uploads\/2024\/11\/cropped-logo-katari-sinfondo.png","width":496,"height":664,"caption":"Katari Hoteles"},"image":{"@id":"https:\/\/www.hotelkatari.com\/#\/schema\/logo\/image\/"},"sameAs":["https:\/\/www.facebook.com\/Katariboutiquehotels","https:\/\/www.instagram.com\/katari_hotels_boutique\/"]}]}},"_links":{"self":[{"href":"https:\/\/www.hotelkatari.com\/en\/wp-json\/wp\/v2\/pages\/3407","targetHints":{"allow":["GET"]}}],"collection":[{"href":"https:\/\/www.hotelkatari.com\/en\/wp-json\/wp\/v2\/pages"}],"about":[{"href":"https:\/\/www.hotelkatari.com\/en\/wp-json\/wp\/v2\/types\/page"}],"author":[{"embeddable":true,"href":"https:\/\/www.hotelkatari.com\/en\/wp-json\/wp\/v2\/users\/1"}],"replies":[{"embeddable":true,"href":"https:\/\/www.hotelkatari.com\/en\/wp-json\/wp\/v2\/comments?post=3407"}],"version-history":[{"count":11,"href":"https:\/\/www.hotelkatari.com\/en\/wp-json\/wp\/v2\/pages\/3407\/revisions"}],"predecessor-version":[{"id":3679,"href":"https:\/\/www.hotelkatari.com\/en\/wp-json\/wp\/v2\/pages\/3407\/revisions\/3679"}],"wp:attachment":[{"href":"https:\/\/www.hotelkatari.com\/en\/wp-json\/wp\/v2\/media?parent=3407"}],"curies":[{"name":"wp","href":"https:\/\/api.w.org\/{rel}","templated":true}]}}