{"id":3408,"date":"2025-03-05T17:59:05","date_gmt":"2025-03-05T17:59:05","guid":{"rendered":"https:\/\/www.hotelkatari.com\/?page_id=3408"},"modified":"2025-08-05T19:15:45","modified_gmt":"2025-08-05T19:15:45","slug":"reservas-restaurante-arequipa","status":"publish","type":"page","link":"https:\/\/www.hotelkatari.com\/en\/reservas-restaurante-arequipa\/","title":{"rendered":"Reservas Restaurante Arequipa"},"content":{"rendered":"<div data-elementor-type=\"wp-page\" data-elementor-id=\"3408\" class=\"elementor elementor-3408\" data-elementor-settings=\"{&quot;ha_cmc_init_switcher&quot;:&quot;no&quot;}\" data-elementor-post-type=\"page\">\n\t\t\t\t<div class=\"elementor-element elementor-element-2c2086ba e-flex e-con-boxed wpr-particle-no wpr-jarallax-no wpr-parallax-no wpr-sticky-section-no e-con e-parent\" data-id=\"2c2086ba\" data-element_type=\"container\" data-settings=\"{&quot;background_background&quot;:&quot;classic&quot;,&quot;_ha_eqh_enable&quot;:false}\">\n\t\t\t\t\t<div class=\"e-con-inner\">\n\t\t<div class=\"elementor-element elementor-element-4b4d96ea e-con-full e-flex wpr-particle-no wpr-jarallax-no wpr-parallax-no wpr-sticky-section-no e-con e-child\" data-id=\"4b4d96ea\" data-element_type=\"container\" data-settings=\"{&quot;_ha_eqh_enable&quot;:false}\">\n\t\t\t\t<div class=\"elementor-element elementor-element-efb0919 elementor-invisible elementor-widget elementor-widget-heading\" data-id=\"efb0919\" data-element_type=\"widget\" data-settings=\"{&quot;_animation&quot;:&quot;fadeIn&quot;}\" data-widget_type=\"heading.default\">\n\t\t\t\t<div class=\"elementor-widget-container\">\n\t\t\t\t\t<h2 class=\"elementor-heading-title elementor-size-default\">Make your reservation<\/h2>\t\t\t\t<\/div>\n\t\t\t\t<\/div>\n\t\t\t\t<\/div>\n\t\t\t\t\t<\/div>\n\t\t\t\t<\/div>\n\t\t<div class=\"elementor-element elementor-element-14e9a95f e-flex e-con-boxed wpr-particle-no wpr-jarallax-no wpr-parallax-no wpr-sticky-section-no e-con e-child\" data-id=\"14e9a95f\" data-element_type=\"container\" data-settings=\"{&quot;_ha_eqh_enable&quot;:false}\">\n\t\t\t\t\t<div class=\"e-con-inner\">\n\t\t<div class=\"elementor-element elementor-element-7175d417 e-con-full e-flex wpr-particle-no wpr-jarallax-no wpr-parallax-no wpr-sticky-section-no e-con e-child\" data-id=\"7175d417\" data-element_type=\"container\" data-settings=\"{&quot;_ha_eqh_enable&quot;:false}\">\n\t\t\t\t<div class=\"elementor-element elementor-element-6fc7d8ca elementor-widget-tablet__width-initial elementor-invisible elementor-widget elementor-widget-heading\" data-id=\"6fc7d8ca\" data-element_type=\"widget\" data-settings=\"{&quot;_animation&quot;:&quot;fadeIn&quot;}\" data-widget_type=\"heading.default\">\n\t\t\t\t<div class=\"elementor-widget-container\">\n\t\t\t\t\t<h2 class=\"elementor-heading-title elementor-size-default\">We\u2019re Here for You<\/h2>\t\t\t\t<\/div>\n\t\t\t\t<\/div>\n\t\t\t\t<div class=\"elementor-element elementor-element-52b24715 elementor-widget-tablet__width-initial elementor-widget-mobile__width-inherit elementor-invisible elementor-widget elementor-widget-text-editor\" data-id=\"52b24715\" data-element_type=\"widget\" data-settings=\"{&quot;_animation&quot;:&quot;fadeIn&quot;,&quot;_animation_delay&quot;:&quot;200&quot;}\" data-widget_type=\"text-editor.default\">\n\t\t\t\t<div class=\"elementor-widget-container\">\n\t\t\t\t\t\t\t\t\t<p data-start=\"53\" data-end=\"140\">Do you have questions or need help with your reservation? Contact us and let us assist you.<\/p><p data-start=\"142\" data-end=\"255\">Our team is available 24 hours a day to ensure your experience at our restaurant is unforgettable.<\/p>\t\t\t\t\t\t\t\t<\/div>\n\t\t\t\t<\/div>\n\t\t<div class=\"elementor-element elementor-element-5e927015 e-con-full e-flex wpr-particle-no wpr-jarallax-no wpr-parallax-no wpr-sticky-section-no e-con e-child\" data-id=\"5e927015\" data-element_type=\"container\" data-settings=\"{&quot;_ha_eqh_enable&quot;:false}\">\n\t\t\t\t<div class=\"elementor-element elementor-element-c103cb0 elementor-widget__width-auto elementor-icon-list--layout-traditional elementor-list-item-link-full_width elementor-widget elementor-widget-icon-list\" data-id=\"c103cb0\" data-element_type=\"widget\" data-widget_type=\"icon-list.default\">\n\t\t\t\t<div class=\"elementor-widget-container\">\n\t\t\t\t\t\t\t<ul class=\"elementor-icon-list-items\">\n\t\t\t\t\t\t\t<li class=\"elementor-icon-list-item\">\n\t\t\t\t\t\t\t\t\t\t\t<a href=\"https:\/\/www.google.com\/maps\/search\/Portal+de+la+Municipalidad,+Arequipa\/@-16.396087,-71.5381446,16z\/data=!3m1!4b1?entry=ttu&#038;g_ep=EgoyMDI1MDMwMi4wIKXMDSoASAFQAw%3D%3D\" target=\"_blank\">\n\n\t\t\t\t\t\t\t\t\t\t\t\t<span class=\"elementor-icon-list-icon\">\n\t\t\t\t\t\t\t<i aria-hidden=\"true\" class=\"jki jki-google-map-light\"><\/i>\t\t\t\t\t\t<\/span>\n\t\t\t\t\t\t\t\t\t\t<span class=\"elementor-icon-list-text\">Portal de la Municipalidad 128, Arequipa - Per\u00fa<\/span>\n\t\t\t\t\t\t\t\t\t\t\t<\/a>\n\t\t\t\t\t\t\t\t\t<\/li>\n\t\t\t\t\t\t\t\t<li class=\"elementor-icon-list-item\">\n\t\t\t\t\t\t\t\t\t\t\t<span class=\"elementor-icon-list-icon\">\n\t\t\t\t\t\t\t<i aria-hidden=\"true\" class=\"jki jki-phone-call-light\"><\/i>\t\t\t\t\t\t<\/span>\n\t\t\t\t\t\t\t\t\t\t<span class=\"elementor-icon-list-text\"><a href=\"tel:+5154213141\" class=\"telefono-1\">(+51) (54)213141<\/a> \/  <a href=\"tel:+51989584859\" class=\"telefono-2\">(+51) 989 584 859<\/a><\/span>\n\t\t\t\t\t\t\t\t\t<\/li>\n\t\t\t\t\t\t\t\t<li class=\"elementor-icon-list-item\">\n\t\t\t\t\t\t\t\t\t\t\t<a href=\"mailto:reservas@hotelkatari.com\" target=\"_blank\">\n\n\t\t\t\t\t\t\t\t\t\t\t\t<span class=\"elementor-icon-list-icon\">\n\t\t\t\t\t\t\t<i aria-hidden=\"true\" class=\"jki jki-email1-light\"><\/i>\t\t\t\t\t\t<\/span>\n\t\t\t\t\t\t\t\t\t\t<span class=\"elementor-icon-list-text\">reservas@hotelkatari.com<\/span>\n\t\t\t\t\t\t\t\t\t\t\t<\/a>\n\t\t\t\t\t\t\t\t\t<\/li>\n\t\t\t\t\t\t<\/ul>\n\t\t\t\t\t\t<\/div>\n\t\t\t\t<\/div>\n\t\t\t\t<\/div>\n\t\t\t\t<\/div>\n\t\t<div class=\"elementor-element elementor-element-238367a1 e-con-full e-flex wpr-particle-no wpr-jarallax-no wpr-parallax-no wpr-sticky-section-no elementor-invisible e-con e-child\" data-id=\"238367a1\" data-element_type=\"container\" data-settings=\"{&quot;background_background&quot;:&quot;classic&quot;,&quot;animation&quot;:&quot;fadeIn&quot;,&quot;_ha_eqh_enable&quot;:false}\">\n\t\t\t\t<div class=\"elementor-element elementor-element-4980d26 elementor-align-center elementor-widget elementor-widget-button\" data-id=\"4980d26\" data-element_type=\"widget\" data-widget_type=\"button.default\">\n\t\t\t\t<div class=\"elementor-widget-container\">\n\t\t\t\t\t\t\t\t\t<div class=\"elementor-button-wrapper\">\n\t\t\t\t\t<a class=\"elementor-button elementor-button-link elementor-size-sm\" href=\"https:\/\/wa.link\/vx4nni\" target=\"_blank\">\n\t\t\t\t\t\t<span class=\"elementor-button-content-wrapper\">\n\t\t\t\t\t\t\t\t\t<span class=\"elementor-button-text\">Realiza tu reserva aqu\u00ed<\/span>\n\t\t\t\t\t<\/span>\n\t\t\t\t\t<\/a>\n\t\t\t\t<\/div>\n\t\t\t\t\t\t\t\t<\/div>\n\t\t\t\t<\/div>\n\t\t\t\t<\/div>\n\t\t\t\t\t<\/div>\n\t\t\t\t<\/div>\n\t\t<div class=\"elementor-element elementor-element-2edd50b9 e-con-full e-flex wpr-particle-no wpr-jarallax-no wpr-parallax-no wpr-sticky-section-no elementor-invisible e-con e-parent\" data-id=\"2edd50b9\" data-element_type=\"container\" data-settings=\"{&quot;animation&quot;:&quot;fadeIn&quot;,&quot;_ha_eqh_enable&quot;:false}\">\n\t\t\t\t<div class=\"elementor-element elementor-element-3f1f5ec3 elementor-widget elementor-widget-google_maps\" data-id=\"3f1f5ec3\" data-element_type=\"widget\" data-widget_type=\"google_maps.default\">\n\t\t\t\t<div class=\"elementor-widget-container\">\n\t\t\t\t\t\t\t<div class=\"elementor-custom-embed\">\n\t\t\t<iframe loading=\"lazy\"\n\t\t\t\t\tsrc=\"https:\/\/maps.google.com\/maps?q=Del%20Medio%20123%20Cuzco&#038;t=m&#038;z=16&#038;output=embed&#038;iwloc=near\"\n\t\t\t\t\ttitle=\"Del Medio 123 Cuzco\"\n\t\t\t\t\taria-label=\"Del Medio 123 Cuzco\"\n\t\t\t><\/iframe>\n\t\t<\/div>\n\t\t\t\t\t\t<\/div>\n\t\t\t\t<\/div>\n\t\t\t\t<\/div>\n\t\t\t\t<\/div>","protected":false},"excerpt":{"rendered":"<p>Realice su reserva Estamos Aqu\u00ed para Usted \u00bfTiene preguntas o necesita ayuda con su reserva? Cont\u00e1ctenos y perm\u00edtanos asistirle. Nuestro equipo est\u00e1 disponible las 24 horas para garantizar que su experiencia en nuestro restaurante sea inolvidable. Portal de la Municipalidad 128, Arequipa &#8211; Per\u00fa (+51) (54)213141 \/ (+51) 989 584 859 reservas@hotelkatari.com Realiza tu reserva aqu\u00ed<\/p>","protected":false},"author":1,"featured_media":0,"parent":0,"menu_order":0,"comment_status":"closed","ping_status":"closed","template":"","meta":{"_monsterinsights_skip_tracking":false,"_monsterinsights_sitenote_active":false,"_monsterinsights_sitenote_note":"","_monsterinsights_sitenote_category":0,"_joinchat":[],"footnotes":""},"class_list":["post-3408","page","type-page","status-publish","hentry"],"yoast_head":"<!-- This site is optimized with the Yoast SEO plugin v26.9 - https:\/\/yoast.com\/product\/yoast-seo-wordpress\/ -->\n<title>Reservas Restaurante Arequipa - Katari<\/title>\n<meta name=\"robots\" content=\"index, follow, max-snippet:-1, max-image-preview:large, max-video-preview:-1\" \/>\n<link rel=\"canonical\" href=\"https:\/\/www.hotelkatari.com\/en\/reservas-restaurante-arequipa\/\" \/>\n<meta property=\"og:locale\" content=\"en_US\" \/>\n<meta property=\"og:type\" content=\"article\" \/>\n<meta property=\"og:title\" content=\"Reservas Restaurante Arequipa - Katari\" \/>\n<meta property=\"og:description\" content=\"Realice su reserva Estamos Aqu\u00ed para Usted \u00bfTiene preguntas o necesita ayuda con su reserva? Cont\u00e1ctenos y perm\u00edtanos asistirle. Nuestro equipo est\u00e1 disponible las 24 horas para garantizar que su experiencia en nuestro restaurante sea inolvidable. Portal de la Municipalidad 128, Arequipa &#8211; Per\u00fa (+51) (54)213141 \/ (+51) 989 584 859 reservas@hotelkatari.com Realiza tu reserva aqu\u00ed\" \/>\n<meta property=\"og:url\" content=\"https:\/\/www.hotelkatari.com\/en\/reservas-restaurante-arequipa\/\" \/>\n<meta property=\"og:site_name\" content=\"Katari\" \/>\n<meta property=\"article:publisher\" content=\"https:\/\/www.facebook.com\/Katariboutiquehotels\" \/>\n<meta property=\"article:modified_time\" content=\"2025-08-05T19:15:45+00:00\" \/>\n<meta name=\"twitter:card\" content=\"summary_large_image\" \/>\n<script type=\"application\/ld+json\" class=\"yoast-schema-graph\">{\"@context\":\"https:\/\/schema.org\",\"@graph\":[{\"@type\":\"WebPage\",\"@id\":\"https:\/\/www.hotelkatari.com\/reservas-restaurante-arequipa\/\",\"url\":\"https:\/\/www.hotelkatari.com\/reservas-restaurante-arequipa\/\",\"name\":\"Reservas Restaurante Arequipa - Katari\",\"isPartOf\":{\"@id\":\"https:\/\/www.hotelkatari.com\/#website\"},\"datePublished\":\"2025-03-05T17:59:05+00:00\",\"dateModified\":\"2025-08-05T19:15:45+00:00\",\"breadcrumb\":{\"@id\":\"https:\/\/www.hotelkatari.com\/reservas-restaurante-arequipa\/#breadcrumb\"},\"inLanguage\":\"en-US\",\"potentialAction\":[{\"@type\":\"ReadAction\",\"target\":[\"https:\/\/www.hotelkatari.com\/reservas-restaurante-arequipa\/\"]}]},{\"@type\":\"BreadcrumbList\",\"@id\":\"https:\/\/www.hotelkatari.com\/reservas-restaurante-arequipa\/#breadcrumb\",\"itemListElement\":[{\"@type\":\"ListItem\",\"position\":1,\"name\":\"Home\",\"item\":\"https:\/\/www.hotelkatari.com\/\"},{\"@type\":\"ListItem\",\"position\":2,\"name\":\"Reservas Restaurante Arequipa\"}]},{\"@type\":\"WebSite\",\"@id\":\"https:\/\/www.hotelkatari.com\/#website\",\"url\":\"https:\/\/www.hotelkatari.com\/\",\"name\":\"Katari Hoteles\",\"description\":\"Boutique Hotels\",\"publisher\":{\"@id\":\"https:\/\/www.hotelkatari.com\/#organization\"},\"potentialAction\":[{\"@type\":\"SearchAction\",\"target\":{\"@type\":\"EntryPoint\",\"urlTemplate\":\"https:\/\/www.hotelkatari.com\/?s={search_term_string}\"},\"query-input\":{\"@type\":\"PropertyValueSpecification\",\"valueRequired\":true,\"valueName\":\"search_term_string\"}}],\"inLanguage\":\"en-US\"},{\"@type\":\"Organization\",\"@id\":\"https:\/\/www.hotelkatari.com\/#organization\",\"name\":\"Katari Hoteles\",\"url\":\"https:\/\/www.hotelkatari.com\/\",\"logo\":{\"@type\":\"ImageObject\",\"inLanguage\":\"en-US\",\"@id\":\"https:\/\/www.hotelkatari.com\/#\/schema\/logo\/image\/\",\"url\":\"https:\/\/www.hotelkatari.com\/wp-content\/uploads\/2024\/11\/cropped-logo-katari-sinfondo.png\",\"contentUrl\":\"https:\/\/www.hotelkatari.com\/wp-content\/uploads\/2024\/11\/cropped-logo-katari-sinfondo.png\",\"width\":496,\"height\":664,\"caption\":\"Katari Hoteles\"},\"image\":{\"@id\":\"https:\/\/www.hotelkatari.com\/#\/schema\/logo\/image\/\"},\"sameAs\":[\"https:\/\/www.facebook.com\/Katariboutiquehotels\",\"https:\/\/www.instagram.com\/katari_hotels_boutique\/\"]}]}<\/script>\n<!-- \/ Yoast SEO plugin. -->","yoast_head_json":{"title":"Reservas Restaurante Arequipa - Katari","robots":{"index":"index","follow":"follow","max-snippet":"max-snippet:-1","max-image-preview":"max-image-preview:large","max-video-preview":"max-video-preview:-1"},"canonical":"https:\/\/www.hotelkatari.com\/en\/reservas-restaurante-arequipa\/","og_locale":"en_US","og_type":"article","og_title":"Reservas Restaurante Arequipa - Katari","og_description":"Realice su reserva Estamos Aqu\u00ed para Usted \u00bfTiene preguntas o necesita ayuda con su reserva? Cont\u00e1ctenos y perm\u00edtanos asistirle. Nuestro equipo est\u00e1 disponible las 24 horas para garantizar que su experiencia en nuestro restaurante sea inolvidable. Portal de la Municipalidad 128, Arequipa &#8211; Per\u00fa (+51) (54)213141 \/ (+51) 989 584 859 reservas@hotelkatari.com Realiza tu reserva aqu\u00ed","og_url":"https:\/\/www.hotelkatari.com\/en\/reservas-restaurante-arequipa\/","og_site_name":"Katari","article_publisher":"https:\/\/www.facebook.com\/Katariboutiquehotels","article_modified_time":"2025-08-05T19:15:45+00:00","twitter_card":"summary_large_image","schema":{"@context":"https:\/\/schema.org","@graph":[{"@type":"WebPage","@id":"https:\/\/www.hotelkatari.com\/reservas-restaurante-arequipa\/","url":"https:\/\/www.hotelkatari.com\/reservas-restaurante-arequipa\/","name":"Reservas Restaurante Arequipa - Katari","isPartOf":{"@id":"https:\/\/www.hotelkatari.com\/#website"},"datePublished":"2025-03-05T17:59:05+00:00","dateModified":"2025-08-05T19:15:45+00:00","breadcrumb":{"@id":"https:\/\/www.hotelkatari.com\/reservas-restaurante-arequipa\/#breadcrumb"},"inLanguage":"en-US","potentialAction":[{"@type":"ReadAction","target":["https:\/\/www.hotelkatari.com\/reservas-restaurante-arequipa\/"]}]},{"@type":"BreadcrumbList","@id":"https:\/\/www.hotelkatari.com\/reservas-restaurante-arequipa\/#breadcrumb","itemListElement":[{"@type":"ListItem","position":1,"name":"Home","item":"https:\/\/www.hotelkatari.com\/"},{"@type":"ListItem","position":2,"name":"Reservas Restaurante Arequipa"}]},{"@type":"WebSite","@id":"https:\/\/www.hotelkatari.com\/#website","url":"https:\/\/www.hotelkatari.com\/","name":"Katari Hoteles","description":"Boutique Hotels","publisher":{"@id":"https:\/\/www.hotelkatari.com\/#organization"},"potentialAction":[{"@type":"SearchAction","target":{"@type":"EntryPoint","urlTemplate":"https:\/\/www.hotelkatari.com\/?s={search_term_string}"},"query-input":{"@type":"PropertyValueSpecification","valueRequired":true,"valueName":"search_term_string"}}],"inLanguage":"en-US"},{"@type":"Organization","@id":"https:\/\/www.hotelkatari.com\/#organization","name":"Katari Hoteles","url":"https:\/\/www.hotelkatari.com\/","logo":{"@type":"ImageObject","inLanguage":"en-US","@id":"https:\/\/www.hotelkatari.com\/#\/schema\/logo\/image\/","url":"https:\/\/www.hotelkatari.com\/wp-content\/uploads\/2024\/11\/cropped-logo-katari-sinfondo.png","contentUrl":"https:\/\/www.hotelkatari.com\/wp-content\/uploads\/2024\/11\/cropped-logo-katari-sinfondo.png","width":496,"height":664,"caption":"Katari Hoteles"},"image":{"@id":"https:\/\/www.hotelkatari.com\/#\/schema\/logo\/image\/"},"sameAs":["https:\/\/www.facebook.com\/Katariboutiquehotels","https:\/\/www.instagram.com\/katari_hotels_boutique\/"]}]}},"_links":{"self":[{"href":"https:\/\/www.hotelkatari.com\/en\/wp-json\/wp\/v2\/pages\/3408","targetHints":{"allow":["GET"]}}],"collection":[{"href":"https:\/\/www.hotelkatari.com\/en\/wp-json\/wp\/v2\/pages"}],"about":[{"href":"https:\/\/www.hotelkatari.com\/en\/wp-json\/wp\/v2\/types\/page"}],"author":[{"embeddable":true,"href":"https:\/\/www.hotelkatari.com\/en\/wp-json\/wp\/v2\/users\/1"}],"replies":[{"embeddable":true,"href":"https:\/\/www.hotelkatari.com\/en\/wp-json\/wp\/v2\/comments?post=3408"}],"version-history":[{"count":20,"href":"https:\/\/www.hotelkatari.com\/en\/wp-json\/wp\/v2\/pages\/3408\/revisions"}],"predecessor-version":[{"id":4010,"href":"https:\/\/www.hotelkatari.com\/en\/wp-json\/wp\/v2\/pages\/3408\/revisions\/4010"}],"wp:attachment":[{"href":"https:\/\/www.hotelkatari.com\/en\/wp-json\/wp\/v2\/media?parent=3408"}],"curies":[{"name":"wp","href":"https:\/\/api.w.org\/{rel}","templated":true}]}}